{"id":12929,"date":"2023-05-22T12:37:35","date_gmt":"2023-05-22T09:37:35","guid":{"rendered":"https:\/\/drept.usm.md\/?page_id=12929"},"modified":"2023-07-05T13:58:44","modified_gmt":"2023-07-05T10:58:44","slug":"admiterea-2023","status":"publish","type":"page","link":"https:\/\/drept.usm.md\/?page_id=12929","title":{"rendered":"Admiterea 2023"},"content":{"rendered":"\t\t<div data-elementor-type=\"wp-page\" data-elementor-id=\"12929\" class=\"elementor elementor-12929\">\n\t\t\t\t\t\t<section class=\"elementor-section elementor-top-section elementor-element elementor-element-b1e9bb2 elementor-section-boxed elementor-section-height-default elementor-section-height-default\" data-id=\"b1e9bb2\" data-element_type=\"section\">\n\t\t\t\t\t\t<div class=\"elementor-container elementor-column-gap-default\">\n\t\t\t\t\t<div class=\"elementor-column elementor-col-50 elementor-top-column elementor-element elementor-element-1206555\" data-id=\"1206555\" data-element_type=\"column\">\n\t\t\t<div class=\"elementor-widget-wrap elementor-element-populated\">\n\t\t\t\t\t\t<div class=\"elementor-element elementor-element-1939a93 elementor-widget elementor-widget-heading\" data-id=\"1939a93\" data-element_type=\"widget\" data-widget_type=\"heading.default\">\n\t\t\t\t<div class=\"elementor-widget-container\">\n\t\t\t<style>\/*! elementor - v3.21.0 - 26-05-2024 *\/\n.elementor-heading-title{padding:0;margin:0;line-height:1}.elementor-widget-heading .elementor-heading-title[class*=elementor-size-]>a{color:inherit;font-size:inherit;line-height:inherit}.elementor-widget-heading .elementor-heading-title.elementor-size-small{font-size:15px}.elementor-widget-heading .elementor-heading-title.elementor-size-medium{font-size:19px}.elementor-widget-heading .elementor-heading-title.elementor-size-large{font-size:29px}.elementor-widget-heading .elementor-heading-title.elementor-size-xl{font-size:39px}.elementor-widget-heading .elementor-heading-title.elementor-size-xxl{font-size:59px}<\/style><h2 class=\"elementor-heading-title elementor-size-default\">Admiterea la studii de licen\u021b\u0103  <br>\n<\/h2>\t\t<\/div>\n\t\t\t\t<\/div>\n\t\t\t\t<div class=\"elementor-element elementor-element-31d4178 elementor-widget elementor-widget-text-editor\" data-id=\"31d4178\" data-element_type=\"widget\" data-widget_type=\"text-editor.default\">\n\t\t\t\t<div class=\"elementor-widget-container\">\n\t\t\t<style>\/*! elementor - v3.21.0 - 26-05-2024 *\/\n.elementor-widget-text-editor.elementor-drop-cap-view-stacked .elementor-drop-cap{background-color:#69727d;color:#fff}.elementor-widget-text-editor.elementor-drop-cap-view-framed .elementor-drop-cap{color:#69727d;border:3px solid;background-color:transparent}.elementor-widget-text-editor:not(.elementor-drop-cap-view-default) .elementor-drop-cap{margin-top:8px}.elementor-widget-text-editor:not(.elementor-drop-cap-view-default) .elementor-drop-cap-letter{width:1em;height:1em}.elementor-widget-text-editor .elementor-drop-cap{float:left;text-align:center;line-height:1;font-size:50px}.elementor-widget-text-editor .elementor-drop-cap-letter{display:inline-block}<\/style>\t\t\t\t<p><b>Facultatea de Drept a USM<\/b><\/p><p><b><i>Sesiunea de baz\u0103 se va desf\u0103\u015fura \u00een perioada 24 iulie &#8211; 07 august 2023 dup\u0103 cum urmeaz\u0103:<\/i><\/b>\u00a0<\/p><ul><li>Depunerea dosarului de concurs \u2013 24 iulie \u2013 31 iulie 2023;<\/li><li>Anun\u021barea rezultatelor intermediare \u2013 1 august 2023;<\/li><li>Depunerea actelor \u00een original \u2013 2 august \u2013 4 august 2023;<\/li><li>Anun\u0163area rezulatelor finale \u2013 7 august 2023.<\/li><\/ul><p><b><i><u>Actele obligatorii necesare pentru \u00eenscrierea la concursul de admitere:<\/u><\/i><\/b><b><u>\u00a0<\/u><\/b><\/p><ol><li>cererea de \u00eenscriere la concursul de admitere;<\/li><li>\u00a0copia buletinului de identitate;<\/li><li>actul de studii, \u00een original, cu anex\u0103;<\/li><li>\u00a04 fotografii 3&#215;4 cm, color;<\/li><li>copia de pe certificatul de na\u0219tere al unuia din p\u0103rin\u021bi, pentru cet\u0103\u021benii statelor-membre ale C.S.I. sau ai \u021b\u0103rilor baltice de na\u021bionalitate moldoveni (rom\u00e2ni);<\/li><li>\u00a0taxa de \u00eenscriere &#8211; 200 lei.<br \/><b><i><br \/>Actele se depun pe adresa:<\/i> mun. Chi\u0219in\u0103u, str. Alexei Mateevici 60, blocul 4 al Universit\u0103\u021bii de Stat din Moldova, bir. 113<\/b><\/li><\/ol><p>La concursul de admitere la studii superioare de licen\u021b\u0103 pot participa de\u0163in\u0103torii diplomei de bacalaureat, ai diplomei de studii profesionale sau ai unui act echivalent de studii, recunoscut de structura abilitat\u0103 pentru recunoa\u0219terea \u015fi echivalarea actelor de studii \u015fi calific\u0103rilor.<\/p><p>\u00censcrierea candida\u021bilor la concursul de admitere se poate face at\u00e2t cu prezen\u021ba fizic\u0103, c\u00e2t \u0219i prin depunerea electronic\u0103 a dosarului de participare\u00a0<a href=\"https:\/\/eadmitere.usm.md\/\">eadmitere.usm.md<\/a>.<\/p><p>Pentru \u00eenscrierea online la concursul de admitere, candidatul v\u0103 expedia copia scanat\u0103 a buletinului de identitate (pa\u0219aportului), cu prezentarea originalului acestuia \u00een perioada stabilit\u0103 pentru depunerea \u00een original a actelor de studii.\u00censcrierea la concurs se poate face, \u00een numele candidatului, \u0219i de o alt\u0103 persoan\u0103 pe baz\u0103 de procur\u0103.<\/p><p><i>Pentru informa\u021bii suplimentare accesa\u021bi<\/i><a href=\"http:\/\/admitere.usm.md\/\"><i>\u00a0<\/i><i>http:\/\/admitere.usm.md\/<\/i><i>,<\/i><\/a><a href=\"http:\/\/drept.usm.md\/\/\"> \u00a0<i>http:\/\/drept.usm.md\/<\/i><i>.<br \/><\/i><\/a><i>Persoana responsabil\u0103:<\/i><b> Svetlana Slusarenco<i>,\u00a0<\/i><\/b><i>doctor \u00een drept, conferen\u021biar universitar,\u00a0<br \/><\/i><i>Tel.: <strong>+373 67 560 440\u00a0<br \/><\/strong><\/i><i>E-mail: <strong>svetlana.slusarenco@usm.md<\/strong><\/i><\/p>\t\t\t\t\t\t<\/div>\n\t\t\t\t<\/div>\n\t\t\t\t\t<\/div>\n\t\t<\/div>\n\t\t\t\t<div class=\"elementor-column elementor-col-50 elementor-top-column elementor-element elementor-element-192fbd7\" data-id=\"192fbd7\" data-element_type=\"column\">\n\t\t\t<div class=\"elementor-widget-wrap elementor-element-populated\">\n\t\t\t\t\t\t<div class=\"elementor-element elementor-element-c5b0e68 elementor-widget elementor-widget-heading\" data-id=\"c5b0e68\" data-element_type=\"widget\" data-widget_type=\"heading.default\">\n\t\t\t\t<div class=\"elementor-widget-container\">\n\t\t\t<h2 class=\"elementor-heading-title elementor-size-default\">Admiterea la studii de masterat\n<br>\n<\/h2>\t\t<\/div>\n\t\t\t\t<\/div>\n\t\t\t\t<div class=\"elementor-element elementor-element-403657e elementor-widget elementor-widget-text-editor\" data-id=\"403657e\" data-element_type=\"widget\" data-widget_type=\"text-editor.default\">\n\t\t\t\t<div class=\"elementor-widget-container\">\n\t\t\t\t\t\t\t<p style=\"font-weight: 400;\"><b><br \/>Facultatea de Drept a USM<\/b><\/p><p><b>Sesiunea de baz\u0103 a concursului de admitere se va desf\u0103\u015fura \u00een perioada 24 iulie \u2013 7 august dup\u0103 cum urmeaz\u0103:<\/b>\u00a0<\/p><ul><li>Depunerea dosarului de concurs \u2013 24 iulie \u2013 31 iulie 2023;<\/li><li>Anun\u021barea rezultatelor intermediare \u2013 1 august 2023;<\/li><li>Depunerea actelor \u00een original \u2013 2 august \u2013 4 august 2023;<\/li><li>Anun\u0163area rezulatelor finale \u2013 7 august 2023.<\/li><\/ul><p style=\"font-weight: 400;\">Doar Facultatea de Drept a USM V\u0103 ofer\u0103 cea mai variat\u0103 gam\u0103 de programe de studii la masterat, \u00een func\u021bie de dolean\u021bele DVS!<\/p><p style=\"font-weight: 400;\"><b>Acestea sunt:<\/b><\/p><table><tbody><tr><td width=\"400\"><p><b><i>Programe de studii 90 de credite (pentru absolven\u021bii facult\u0103\u021bilor de drept)<\/i><\/b>\u00a0<\/p><\/td><td width=\"400\"><p><b><i>Programe de studii 120 de credite (pentru absolven\u021bii altor facult\u0103\u021bi)<\/i><\/b>\u00a0<\/p><\/td><\/tr><tr><td width=\"400\"><ul><li><a href=\"https:\/\/drept.usm.md\/wp-content\/uploads\/Drept-penal_90-cr.pdf\"><b>Drept penal<\/b><\/a><\/li><li><a href=\"https:\/\/drept.usm.md\/wp-content\/uploads\/Drept-civil_90-cr.pdf\"><b>Drept civil<\/b><\/a><\/li><li><a href=\"https:\/\/drept.usm.md\/wp-content\/uploads\/Proceduri-judiciare-civile_90.pdf\"><b>Proceduri judiciare civile<\/b><\/a><\/li><li><b><a href=\"https:\/\/drept.usm.md\/wp-content\/uploads\/Drept-international_90-cr.pdf\">Drept interna\u021bional<\/a><\/b><\/li><li><a href=\"https:\/\/drept.usm.md\/wp-content\/uploads\/Proces-penal-si-criminalistica_90-cr.pdf\"><b>Proces penal \u0219i criminalistic\u0103<\/b><\/a><\/li><li><a href=\"http:\/\/drept.usm.md\/wp-content\/uploads\/Relatii-de-munca-si-comerciale-in-afaceri-2022_11.pdf\"><b>Dreptul rela\u021biilor de munc\u0103 \u0219i<br \/>comerciale \u00een afaceri<\/b><\/a><\/li><li><a href=\"https:\/\/drept.usm.md\/wp-content\/uploads\/Drept-public-si-guvernare-electronica_90-cr.pdf\"><b>Drept public \u0219i guvernare<br \/>electronic\u0103<\/b><\/a><\/li><li><a href=\"https:\/\/drept.usm.md\/wp-content\/uploads\/Drept-fiscal-si-vamal_90-cr.pdf\"><b>Drept fiscal \u0219i vamal<\/b><\/a><\/li><li><a href=\"https:\/\/drept.usm.md\/wp-content\/uploads\/Drepturile-omului_90-cr.pdf\"><b>Drepturile omului<\/b><\/a><\/li><li><strong><a href=\"https:\/\/drept.usm.md\/wp-content\/uploads\/Drept-public-90-cu-frecventa.pdf\">Drept public, frecven\u021b\u0103 la zi<\/a><\/strong><\/li><li><strong><a href=\"https:\/\/drept.usm.md\/wp-content\/uploads\/Drept-public-90-cu-frecventa-redusa.pdf\">Drept public, frecven\u021b\u0103 redus\u0103<\/a><\/strong><\/li><li><strong><a href=\"https:\/\/drept.usm.md\/wp-content\/uploads\/Anticoruptie_fr.pdf\">Anticorup\u021bie, frecven\u021b\u0103 redus\u0103<\/a><\/strong><\/li><li><a href=\"https:\/\/drept.usm.md\/wp-content\/uploads\/Anticoruptie_zi.pdf\"><strong>Anticorup\u021bie, frecven\u021b\u0103 la zi<\/strong><\/a><\/li><\/ul><\/td><td width=\"400\"><ul><li><strong><a href=\"https:\/\/drept.usm.md\/wp-content\/uploads\/Stiinte-penale-aplicative_zi.pdf\">Stiin\u021be penale aplicative<\/a><br \/><\/strong><\/li><li><strong><a href=\"https:\/\/drept.usm.md\/wp-content\/uploads\/Anticoruptie_fr.pdf\">Anticorup\u021bie, frecven\u021b\u0103 redus\u0103<\/a><\/strong><\/li><li><a href=\"https:\/\/drept.usm.md\/wp-content\/uploads\/Anticoruptie_zi.pdf\"><strong>Anticorup\u021bie, frecven\u021b\u0103 la zi<\/strong><\/a><\/li><li><strong><a href=\"https:\/\/drept.usm.md\/wp-content\/uploads\/Drept-fiscal-si-activitate-vamala_zi.pdf\">Drept fiscal \u0219i activitate vamal\u0103, frecven\u021b\u0103 la zi<\/a><\/strong><\/li><\/ul><\/td><\/tr><\/tbody><\/table><p><i>\u00a0*Pentru a vizualiza oferta programului de studii la masterat (selecta\u021bi programul dorit)<\/i><\/p><p>Minimul curricular este o precondi\u021bie obligatorie pentru persoanele care doresc s\u0103-\u0219i continuie studiile de master \u00een domeniul dreptului, dar care au absolvit alte specialit\u0103\u021bi (licen\u021biat \u00een alte domenii dec\u00e2t dreptul). Pentru mai multe detalii, accesa\u021bi: <a href=\"https:\/\/drept.usm.md\/?p=12710\">https:\/\/drept.usm.md\/?p=12710<\/a><\/p><p style=\"font-weight: 400;\"><b><i><u>Actele obligatorii necesare pentru \u00eenscrierea la concursul de admitere:<\/u><\/i><\/b><b>\u00a0<\/b><\/p><ol><li style=\"font-weight: 400;\">diploma de licen\u021b\u0103 \u0219i anexa;<\/li><li style=\"font-weight: 400;\">copia buletinului de identitate;<\/li><li style=\"font-weight: 400;\">6 fotografii, 3&#215;4 cm, color;<\/li><li style=\"font-weight: 400;\">certificatul de la locul de munc\u0103 (pentru persoanele angajate \u00een c\u00e2mpul muncii);<\/li><li style=\"font-weight: 400;\">copia de pe certificatul de na\u0219tere al unuia din p\u0103rin\u021bi, pentru cet\u0103\u021benii statelor-membre ale C.S.I. sau ai \u021b\u0103rilor baltice de na\u021bionalitate moldoveni (rom\u00e2ni);<\/li><li style=\"font-weight: 400;\">taxa de \u00eenscriere &#8211; 200 lei.<p><b><i><br \/>Actele se depun pe adresa:<\/i> mun. Chi\u0219in\u0103u, str. Alexei Mateevici 60, blocul 4 al Universit\u0103\u021bii de Stat din Moldova, bir. 122<\/b><\/p><\/li><\/ol><p>\u015eefii de promo\u0163ie, laurea\u0163i ai Galei performan\u0163elor, vor beneficia de loc bugetar la programul de master din domeniul de formare profesional\u0103 respectiv.<\/p><p>\u00cenmatricularea la studii superioare de masterat, cu finan\u0163are bugetar\u0103, se face \u00een ordinea descresc\u0103toare a mediilor generale de concurs ale candida\u0163ilor, \u00een limitele num\u0103rului de locuri pentru care se organizeaz\u0103 concursul.\u00a0 Candidatul \u00ee\u015fi asum\u0103 responsabilitatea pentru corectitudinea datelor introduse on-line. \u00cen cazul introducerii unor date eronate ce vor influen\u0163a rezultatele concursului, candidatul va pierde locul bugetar.<\/p><p><i>Pentru informa\u021bii suplimentare accesa\u021bi<\/i><a href=\"http:\/\/admitere.usm.md\/\"><i>\u00a0<\/i><i>http:\/\/admitere.usm.md\/<\/i><i>,<\/i><\/a><a href=\"http:\/\/drept.usm.md\/\/\"><i> \u00a0<\/i><i>http:\/\/drept.usm.md\/<\/i><\/a><i><u>\u00a0<\/u><\/i><\/p><p><i>Persoana responsabil\u0103:<\/i><b> Chisari-Lungu\u00a0 Oxana<i>,\u00a0<\/i><\/b><i>doctor \u00een drept, lector universitar.<\/i><\/p><p><i>Telefon: <strong>+373 67 560 072<br \/><\/strong>E-mail:<strong> oxana.chisari-lungu@usm.md<\/strong><\/i><\/p>\t\t\t\t\t\t<\/div>\n\t\t\t\t<\/div>\n\t\t\t\t\t<\/div>\n\t\t<\/div>\n\t\t\t\t\t<\/div>\n\t\t<\/section>\n\t\t\t\t<\/div>\n\t\t","protected":false},"excerpt":{"rendered":"<p>Admiterea la studii de licen\u021b\u0103 Facultatea de Drept a USM Sesiunea de baz\u0103 se va desf\u0103\u015fura \u00een perioada 24 iulie &#8211; 07 august 2023 dup\u0103 cum urmeaz\u0103:\u00a0 Depunerea dosarului de concurs \u2013 24 iulie \u2013 31 iulie 2023; Anun\u021barea rezultatelor intermediare \u2013 1 august 2023; Depunerea actelor \u00een original \u2013 2 august \u2013 4 august&hellip; <br \/> <a class=\"read-more\" href=\"https:\/\/drept.usm.md\/?page_id=12929\">Cite\u0219te mai mult<\/a><\/p>\n","protected":false},"author":1,"featured_media":0,"parent":0,"menu_order":0,"comment_status":"closed","ping_status":"closed","template":"","meta":{"wp_social_preview_title":"","wp_social_preview_description":"","wp_social_preview_image":0,"footnotes":""},"class_list":["post-12929","page","type-page","status-publish","hentry"],"rttpg_featured_image_url":null,"rttpg_author":{"display_name":"rosenberg","author_link":"https:\/\/drept.usm.md\/?author=1"},"rttpg_comment":0,"rttpg_category":null,"rttpg_excerpt":"Admiterea la studii de licen\u021b\u0103 Facultatea de Drept a USM Sesiunea de baz\u0103 se va desf\u0103\u015fura \u00een perioada 24 iulie &#8211; 07 august 2023 dup\u0103 cum urmeaz\u0103:\u00a0 Depunerea dosarului de concurs \u2013 24 iulie \u2013 31 iulie 2023; Anun\u021barea rezultatelor intermediare \u2013 1 august 2023; Depunerea actelor \u00een original \u2013 2 august \u2013 4 august&hellip;&hellip;","_links":{"self":[{"href":"https:\/\/drept.usm.md\/index.php?rest_route=\/wp\/v2\/pages\/12929","targetHints":{"allow":["GET"]}}],"collection":[{"href":"https:\/\/drept.usm.md\/index.php?rest_route=\/wp\/v2\/pages"}],"about":[{"href":"https:\/\/drept.usm.md\/index.php?rest_route=\/wp\/v2\/types\/page"}],"author":[{"embeddable":true,"href":"https:\/\/drept.usm.md\/index.php?rest_route=\/wp\/v2\/users\/1"}],"replies":[{"embeddable":true,"href":"https:\/\/drept.usm.md\/index.php?rest_route=%2Fwp%2Fv2%2Fcomments&post=12929"}],"version-history":[{"count":91,"href":"https:\/\/drept.usm.md\/index.php?rest_route=\/wp\/v2\/pages\/12929\/revisions"}],"predecessor-version":[{"id":13362,"href":"https:\/\/drept.usm.md\/index.php?rest_route=\/wp\/v2\/pages\/12929\/revisions\/13362"}],"wp:attachment":[{"href":"https:\/\/drept.usm.md\/index.php?rest_route=%2Fwp%2Fv2%2Fmedia&parent=12929"}],"curies":[{"name":"wp","href":"https:\/\/api.w.org\/{rel}","templated":true}]}}