{"id":13427,"date":"2023-08-23T12:03:02","date_gmt":"2023-08-23T09:03:02","guid":{"rendered":"https:\/\/drept.usm.md\/?page_id=13427"},"modified":"2025-11-10T11:59:12","modified_gmt":"2025-11-10T08:59:12","slug":"info","status":"publish","type":"page","link":"https:\/\/drept.usm.md\/?page_id=13427","title":{"rendered":"Informa\u021bii de contact"},"content":{"rendered":"<p align=\"center\"><strong>Decanatul Facult\u0103\u0163ii de Drept<\/strong><\/p>\n<table border=\"0\" cellspacing=\"3\" cellpadding=\"15\">\n<tbody>\n<tr valign=\"top\">\n<td width=\"33%\"><strong>Anticamera<\/strong><br \/>\nStr. M. Kog\u0103lniceanu 67, bloc 2, bir. 106<strong>\u2706<\/strong> Tel: 067560012<br \/>\nE-mail:\u00a0 <em><strong>lawfaculty.usm@gmail.com\u00a0<\/strong><\/em><\/p>\n<div class=\"gmail_default\"><\/div>\n<\/td>\n<td width=\"33%\"><strong>Sec\u0163ia \u00eenv\u0103\u0163\u0103m\u00e2nt cu frecven\u0163\u0103 de zi \u0219i frecven\u021b\u0103 redus\u0103<\/strong><br \/>\nStr. M. Kog\u0103lniceanu 67, bloc 2, bir. 108<\/p>\n<p>Specialist: <strong>Enachii Anastasia<br \/>\nFrecven\u021b\u0103 la zi: An. II<\/strong><br \/>\n<strong>E-mail: <em>nasteaena@gmail.com<\/em><\/strong><\/p>\n<p>Specialist superior<strong>: Liliana Beschieru<br \/>\nFrecven\u021b\u0103 la zi: an. III<br \/>\nFrecven\u021b\u0103 redus\u0103: an. V<\/strong><br \/>\n<strong>E-mail: <em>liliana.beschieru@usm.md<\/em><\/strong><\/p>\n<p>Specialist superior<strong>: Olaru Aurora<br \/>\nFrecven\u021b\u0103 la zi: an. IV<br \/>\nFrecven\u021b\u0103 redus\u0103: an. II<\/strong><br \/>\n<strong>E-mail:<em> aurora.olaru@usm.md<\/em><\/strong><\/p>\n<p>Specialist superior: <strong>Ghidion-Popescu Svetlana<\/strong><br \/>\n<strong>Frecven\u021b\u0103 la zi: an. I<br \/>\nFrecven\u021b\u0103 redus\u0103: an.\u00a0 III<br \/>\nE-mail: <em>svetlana.ghidion@gmail.com<\/em><\/strong><\/p>\n<p>Specialist: <strong>Caranic Alexandru<\/strong><br \/>\n<strong>Frecven\u021b\u0103 redus\u0103: an. I, IV<br \/>\n\u00cenv\u0103\u021b\u0103m\u00e2nt la distan\u021b\u0103: an.\u00a0 I<br \/>\nE-mail: <em>caranicalexandru1@gmail.com<\/em><\/strong><\/p>\n<p>Specialist superior: <strong>Grosu Valentina<br \/>\nMasterat<br \/>\nE-mail: <em>valentina.grosu@usm.md<\/em><\/strong><\/p>\n<p>&nbsp;<\/p>\n<p><strong>Program de lucru:<\/strong><\/p>\n<p>Luni &#8211; vineri: 07:45 &#8211; 17:00<br \/>\nPauz\u0103 de mas\u0103: 13:00 &#8211; 14:00<\/td>\n<td bgcolor=\"#eae9e9\" width=\"33%\"><\/td>\n<\/tr>\n<tr valign=\"top\">\n<td width=\"33%\"><strong>Departament Drept Privat<\/strong><br \/>\nStr. M. Kog\u0103lniceanu 67, bloc 2, bir. 206<strong>\u2706<\/strong> Tel: 067560070<br \/>\n<a href=\"mailto:dreptprivat@mail.ru\">dreptprivat@mail.ru<\/a><\/td>\n<td width=\"33%\"><strong>Departament Drept Procedural<\/strong><br \/>\nStr. M. Kog\u0103lniceanu 67, bloc 2, bir. 116<strong>\u2706<\/strong> Tel: 067560072<br \/>\n<a href=\"mailto:inastarosta@mail.ru\">inastarosta@mail.ru<\/a><\/td>\n<td width=\"33%\"><strong>Departament Drept Penal<\/strong><br \/>\nStr. M. Kog\u0103lniceanu 67, bloc 2, bir. 105<br \/>\n<a href=\"mailto:drept.penal.usm@gmail.com\">drept.penal.usm@gmail.com<\/a><\/td>\n<\/tr>\n<tr valign=\"top\">\n<td width=\"33%\"><strong>Departament Drept Interna\u0163ional \u015fi European<\/strong><br \/>\nStr. M. Kog\u0103lniceanu 67, bloc 2, bir. 114<br \/>\n<a href=\"mailto:drept.international.usm@gmail.com\">drept.international.usm@gmail.com<\/a><\/td>\n<td width=\"33%\"><strong>Departament Drept Public<\/strong><br \/>\nStr. M. Kog\u0103lniceanu 67, bloc 2, bir. 208<br \/>\n<a href=\"mailto:dep.dreptpublic@usm.md\">drept.dpublic@usm.md<\/a><\/td>\n<td width=\"33%\"><\/td>\n<\/tr>\n<tr valign=\"top\">\n<td width=\"33%\"><\/td>\n<td width=\"33%\"><\/td>\n<td width=\"33%\"><\/td>\n<\/tr>\n<\/tbody>\n<\/table>\n","protected":false},"excerpt":{"rendered":"<p>Decanatul Facult\u0103\u0163ii de Drept Anticamera Str. M. Kog\u0103lniceanu 67, bloc 2, bir. 106\u2706 Tel: 067560012 E-mail:\u00a0 lawfaculty.usm@gmail.com\u00a0 Sec\u0163ia \u00eenv\u0103\u0163\u0103m\u00e2nt cu frecven\u0163\u0103 de zi \u0219i frecven\u021b\u0103 redus\u0103 Str. M. Kog\u0103lniceanu 67, bloc 2, bir. 108 Specialist: Enachii Anastasia Frecven\u021b\u0103 la zi: An. II E-mail: nasteaena@gmail.com Specialist superior: Liliana Beschieru Frecven\u021b\u0103 la zi: an. III Frecven\u021b\u0103 redus\u0103:&hellip; <br \/> <a class=\"read-more\" href=\"https:\/\/drept.usm.md\/?page_id=13427\">Cite\u0219te mai mult<\/a><\/p>\n","protected":false},"author":1,"featured_media":0,"parent":0,"menu_order":0,"comment_status":"closed","ping_status":"closed","template":"","meta":{"wp_social_preview_title":"","wp_social_preview_description":"","wp_social_preview_image":0,"footnotes":""},"class_list":["post-13427","page","type-page","status-publish","hentry"],"rttpg_featured_image_url":null,"rttpg_author":{"display_name":"rosenberg","author_link":"https:\/\/drept.usm.md\/?author=1"},"rttpg_comment":0,"rttpg_category":null,"rttpg_excerpt":"Decanatul Facult\u0103\u0163ii de Drept Anticamera Str. M. Kog\u0103lniceanu 67, bloc 2, bir. 106\u2706 Tel: 067560012 E-mail:\u00a0 lawfaculty.usm@gmail.com\u00a0 Sec\u0163ia \u00eenv\u0103\u0163\u0103m\u00e2nt cu frecven\u0163\u0103 de zi \u0219i frecven\u021b\u0103 redus\u0103 Str. M. Kog\u0103lniceanu 67, bloc 2, bir. 108 Specialist: Enachii Anastasia Frecven\u021b\u0103 la zi: An. II E-mail: nasteaena@gmail.com Specialist superior: Liliana Beschieru Frecven\u021b\u0103 la zi: an. III Frecven\u021b\u0103 redus\u0103:&hellip;&hellip;","_links":{"self":[{"href":"https:\/\/drept.usm.md\/index.php?rest_route=\/wp\/v2\/pages\/13427","targetHints":{"allow":["GET"]}}],"collection":[{"href":"https:\/\/drept.usm.md\/index.php?rest_route=\/wp\/v2\/pages"}],"about":[{"href":"https:\/\/drept.usm.md\/index.php?rest_route=\/wp\/v2\/types\/page"}],"author":[{"embeddable":true,"href":"https:\/\/drept.usm.md\/index.php?rest_route=\/wp\/v2\/users\/1"}],"replies":[{"embeddable":true,"href":"https:\/\/drept.usm.md\/index.php?rest_route=%2Fwp%2Fv2%2Fcomments&post=13427"}],"version-history":[{"count":50,"href":"https:\/\/drept.usm.md\/index.php?rest_route=\/wp\/v2\/pages\/13427\/revisions"}],"predecessor-version":[{"id":18353,"href":"https:\/\/drept.usm.md\/index.php?rest_route=\/wp\/v2\/pages\/13427\/revisions\/18353"}],"wp:attachment":[{"href":"https:\/\/drept.usm.md\/index.php?rest_route=%2Fwp%2Fv2%2Fmedia&parent=13427"}],"curies":[{"name":"wp","href":"https:\/\/api.w.org\/{rel}","templated":true}]}}