{"id":15660,"date":"2024-07-07T22:47:02","date_gmt":"2024-07-07T19:47:02","guid":{"rendered":"https:\/\/drept.usm.md\/?page_id=15660"},"modified":"2024-07-14T19:23:35","modified_gmt":"2024-07-14T16:23:35","slug":"admiterea-2024","status":"publish","type":"page","link":"https:\/\/drept.usm.md\/?page_id=15660","title":{"rendered":"Admiterea 2024"},"content":{"rendered":"\t\t<div data-elementor-type=\"wp-page\" data-elementor-id=\"15660\" class=\"elementor elementor-15660\">\n\t\t\t\t\t\t<section class=\"elementor-section elementor-top-section elementor-element elementor-element-b1e9bb2 elementor-section-boxed elementor-section-height-default elementor-section-height-default\" data-id=\"b1e9bb2\" data-element_type=\"section\">\n\t\t\t\t\t\t<div class=\"elementor-container elementor-column-gap-default\">\n\t\t\t\t\t<div class=\"elementor-column elementor-col-50 elementor-top-column elementor-element elementor-element-1206555\" data-id=\"1206555\" data-element_type=\"column\">\n\t\t\t<div class=\"elementor-widget-wrap elementor-element-populated\">\n\t\t\t\t\t\t<div class=\"elementor-element elementor-element-1939a93 elementor-widget elementor-widget-heading\" data-id=\"1939a93\" data-element_type=\"widget\" data-widget_type=\"heading.default\">\n\t\t\t\t<div class=\"elementor-widget-container\">\n\t\t\t<style>\/*! elementor - v3.21.0 - 26-05-2024 *\/\n.elementor-heading-title{padding:0;margin:0;line-height:1}.elementor-widget-heading .elementor-heading-title[class*=elementor-size-]>a{color:inherit;font-size:inherit;line-height:inherit}.elementor-widget-heading .elementor-heading-title.elementor-size-small{font-size:15px}.elementor-widget-heading .elementor-heading-title.elementor-size-medium{font-size:19px}.elementor-widget-heading .elementor-heading-title.elementor-size-large{font-size:29px}.elementor-widget-heading .elementor-heading-title.elementor-size-xl{font-size:39px}.elementor-widget-heading .elementor-heading-title.elementor-size-xxl{font-size:59px}<\/style><h2 class=\"elementor-heading-title elementor-size-default\">Admiterea la studii de licen\u021b\u0103  <br><\/h2>\t\t<\/div>\n\t\t\t\t<\/div>\n\t\t\t\t<div class=\"elementor-element elementor-element-31d4178 elementor-widget elementor-widget-text-editor\" data-id=\"31d4178\" data-element_type=\"widget\" data-widget_type=\"text-editor.default\">\n\t\t\t\t<div class=\"elementor-widget-container\">\n\t\t\t<style>\/*! elementor - v3.21.0 - 26-05-2024 *\/\n.elementor-widget-text-editor.elementor-drop-cap-view-stacked .elementor-drop-cap{background-color:#69727d;color:#fff}.elementor-widget-text-editor.elementor-drop-cap-view-framed .elementor-drop-cap{color:#69727d;border:3px solid;background-color:transparent}.elementor-widget-text-editor:not(.elementor-drop-cap-view-default) .elementor-drop-cap{margin-top:8px}.elementor-widget-text-editor:not(.elementor-drop-cap-view-default) .elementor-drop-cap-letter{width:1em;height:1em}.elementor-widget-text-editor .elementor-drop-cap{float:left;text-align:center;line-height:1;font-size:50px}.elementor-widget-text-editor .elementor-drop-cap-letter{display:inline-block}<\/style>\t\t\t\t<p><b>Facultatea de Drept a USM<\/b><\/p><p><b><i>Sesiunea de baz\u0103 se va desf\u0103\u015fura \u00een perioada 22 iulie &#8211; 09 august 2024 dup\u0103 cum urmeaz\u0103:<\/i><\/b>\u00a0<\/p><ul><li style=\"list-style-type: none;\"><ul style=\"margin-bottom: 16px; overflow-wrap: break-word; color: #8e9dae; font-family: Georgia, sans-serif; font-size: 17px; background-color: #ffffff;\"><li>Depunerea online a dosarului de concurs* 22 iulie \u2013 31 iulie<\/li><li>Anun\u021barea rezultatelor intermediare 2 august<\/li><li>Depunerea actelor \u00een original 3 august \u2013 6 august<\/li><li>Anun\u021barea rezultatelor finale 9 august 2024<\/li><\/ul><\/li><\/ul><p><b><i><u>Actele obligatorii necesare pentru \u00eenscrierea la concursul de admitere:<\/u><\/i><\/b><b><u>\u00a0<\/u><\/b><\/p><ol><li>cererea de \u00eenscriere la concursul de admitere;<\/li><li>\u00a0copia buletinului de identitate;<\/li><li>actul de studii, \u00een original, cu anex\u0103;<\/li><li>\u00a04 fotografii 3&#215;4 cm, color;<\/li><li>\u00a0taxa de \u00eenscriere &#8211; 300 lei.<br \/><b><i><br \/>*\u00censcrierea candida\u021bilor la concursul de admitere pentru ciclul I, Licen\u021b\u0103, utiliz\u00e2nd sistemul informa\u021bional eAdmitere, acces\u00e2nd pagina web\u00a0<strong><a href=\"https:\/\/eadmitere.gov.md\/\">eadmitere.gov.md<\/a><\/strong><br \/><\/i><\/b><\/li><\/ol><p><b><i>Dac\u0103 \u00eent\u00e2mpina\u021bi obstacole la depunerea dosarului online, v\u0103 pute\u021bi apropia la adresa:<\/i>\u00a0mun. Chi\u0219in\u0103u, str. Alexei Mateevici 60, blocul Central al Universit\u0103\u021bii de Stat din Moldova, bir. 409<\/b><\/p><p>La concursul de admitere la studii superioare de licen\u021b\u0103 pot participa de\u0163in\u0103torii diplomei de bacalaureat, ai diplomei de studii profesionale sau ai unui act echivalent de studii, recunoscut de structura abilitat\u0103 pentru recunoa\u0219terea \u015fi echivalarea actelor de studii \u015fi calific\u0103rilor.<\/p><p><a href=\"http:\/\/drept.usm.md\/\/\"><i><br \/><\/i><\/a><i>Persoana responsabil\u0103:<\/i><b> Roman Dumitru, <\/b>doctor \u00een drept, conferen\u021biar universitar<i><br \/><\/i><i>Tel.: <strong>+373 67 560 072<br \/><\/strong><\/i><i><strong>E-mail: <a href=\"mailto:dumitru.roman@usm.md\">dumitru.roman@usm.md<\/a>\u00a0<\/strong><\/i><\/p>\t\t\t\t\t\t<\/div>\n\t\t\t\t<\/div>\n\t\t\t\t\t<\/div>\n\t\t<\/div>\n\t\t\t\t<div class=\"elementor-column elementor-col-50 elementor-top-column elementor-element elementor-element-192fbd7\" data-id=\"192fbd7\" data-element_type=\"column\">\n\t\t\t<div class=\"elementor-widget-wrap elementor-element-populated\">\n\t\t\t\t\t\t<div class=\"elementor-element elementor-element-c5b0e68 elementor-widget__width-initial elementor-widget elementor-widget-heading\" data-id=\"c5b0e68\" data-element_type=\"widget\" data-widget_type=\"heading.default\">\n\t\t\t\t<div class=\"elementor-widget-container\">\n\t\t\t<h2 class=\"elementor-heading-title elementor-size-default\">Admiterea la studii de masterat<\/h2>\t\t<\/div>\n\t\t\t\t<\/div>\n\t\t\t\t<div class=\"elementor-element elementor-element-403657e elementor-widget elementor-widget-text-editor\" data-id=\"403657e\" data-element_type=\"widget\" data-widget_type=\"text-editor.default\">\n\t\t\t\t<div class=\"elementor-widget-container\">\n\t\t\t\t\t\t\t<p style=\"font-weight: 400;\"><b><br \/>Facultatea de Drept a USM<\/b><\/p><p><b>Sesiunea de baz\u0103 a concursului de admitere se va desf\u0103\u015fura \u00een perioada 22 iulie \u2013 9 august 2024 dup\u0103 cum urmeaz\u0103:<\/b>\u00a0<\/p><ul><li>Depunerea dosarului de concurs 22 iulie \u2013 31 iulie<\/li><li>Anun\u021barea rezultatelor intermediare 2 august<\/li><li>Depunerea actelor \u00een original 3 august \u2013 6 august<\/li><li>Anun\u021barea rezultatelor finale 9 august 2024<\/li><\/ul><p style=\"font-weight: 400;\">Doar Facultatea de Drept a USM V\u0103 ofer\u0103 cea mai variat\u0103 gam\u0103 de programe de studii la masterat, \u00een func\u021bie de dolean\u021bele DVS!<\/p><p style=\"font-weight: 400;\"><b>Acestea sunt:<\/b><\/p><table><tbody><tr><td width=\"400\"><p><b><i>Programe de studii cu frecven\u021b\u0103 la zi<\/i><\/b><\/p><\/td><td width=\"400\"><p><b><i>Programe de studii cu frecven\u021b\u0103 redus\u0103<\/i><\/b><\/p><\/td><\/tr><tr><td width=\"400\"><ul><li><a href=\"https:\/\/drept.usm.md\/wp-content\/uploads\/Drept-penal-90-credite-studii-cu-frecventa.pdf\">Drept penal<\/a><\/li><li><a href=\"https:\/\/drept.usm.md\/wp-content\/uploads\/Drept-civil-90-credite-studii-cu-frecventa.pdf\">Drept civil<\/a><\/li><li><a href=\"https:\/\/drept.usm.md\/wp-content\/uploads\/Proceduri-judiciare-civile-90-credite-studii-cu-frecventa.pdf\">Proceduri judiciare civile<\/a><\/li><li><a href=\"https:\/\/drept.usm.md\/wp-content\/uploads\/Drept-international-90-credite.-studii-cu-frecventa.pdf\">Drept interna\u021bional<\/a><\/li><li><a href=\"https:\/\/drept.usm.md\/wp-content\/uploads\/Procespenal-si-Criminalistica_90-cr_MP_2024_cu-frecventa.pdf\">Proces penal \u0219i criminalistic\u0103<\/a><\/li><li><a href=\"https:\/\/drept.usm.md\/wp-content\/uploads\/Drepturile-omului_90-cr_MP_2024_cu-frecventa.pdf\">Drepturile omului<\/a><\/li><li><a href=\"https:\/\/drept.usm.md\/wp-content\/uploads\/Dreptul-relatiilor-de-munca-si-comerciale-in-afaceri_90-cr_MP_2024_cu-frecventa.pdf\">Dreptul rela\u021biilor de munc\u0103 \u0219i comerciale \u00een afaceri<\/a><\/li><li><a href=\"https:\/\/drept.usm.md\/wp-content\/uploads\/Drept-public-si-guvernare-electronica_90-cr_MP_2024_cu-frecventa.pdf\">Drept public \u0219i guvernare electronic\u0103<\/a><\/li><li><a href=\"https:\/\/drept.usm.md\/wp-content\/uploads\/Drept-fiscal-si-vamal_90-cr_MP_2024_cu-frecventa.pdf\">Drept fiscal \u0219i vamal<\/a><\/li><li><a href=\"https:\/\/drept.usm.md\/wp-content\/uploads\/Drept-fiscal-si-activitate-vamala_120-cr_MP_2024_cu-frecventa.pdf\">Drept fiscal \u0219i activitate vamal\u0103 (120 credite)<\/a><\/li><li><a href=\"https:\/\/drept.usm.md\/wp-content\/uploads\/Stiinte-penale-aplicate_90-cr_MP_2024_cu-frecventa.pdf\">\u0218tiin\u021be penale aplicative<\/a><\/li><li><a href=\"https:\/\/drept.usm.md\/wp-content\/uploads\/Drept-public_90-cr_MP_2024_cu-frecventa.pdf\">Drept public<\/a><\/li><li><a href=\"https:\/\/drept.usm.md\/wp-content\/uploads\/Anticoruptie_90-cr_MP_2024_cu-frecventa.pdf\">Anticorup\u021bie<\/a><\/li><\/ul><\/td><td width=\"400\"><ul><li><a href=\"https:\/\/drept.usm.md\/wp-content\/uploads\/Drept-public-_90-cr_MP_2024_cu-frecventa-redusa.pdf\">Drept public<\/a><\/li><li><a href=\"https:\/\/drept.usm.md\/wp-content\/uploads\/Anticoruptie_90-cr_MP_2024_cu-frecventa-redusa.pdf\">Anticorup\u021bie<\/a><\/li><\/ul><\/td><\/tr><\/tbody><\/table><p><i>\u00a0*Pentru a vizualiza oferta programului de studii la masterat (selecta\u021bi programul dorit)<\/i><\/p><p style=\"font-weight: 400;\"><b><i><u>Actele obligatorii necesare pentru \u00eenscrierea la concursul de admitere:<\/u><\/i><\/b><b>\u00a0<\/b><\/p><ol><li>cererea de \u00eenscriere la concursul de admitere;<\/li><li style=\"font-weight: 400;\">diploma de licen\u021b\u0103 sau a actului de studii echivalent \u0219i anexe\/suplimentul \u00een original \u0219i copiile \u00een cazul \u00een care candidatul opteaz\u0103 pentru programe de master la mai multe institu\u021bii de \u00eenv\u0103\u021b\u0103m\u00e2nt ;<\/li><li style=\"font-weight: 400;\">copia buletinului de identitate;<\/li><li style=\"font-weight: 400;\">4 fotografii, 3&#215;4 cm, color;<\/li><li style=\"font-weight: 400;\">certificatul de na\u0219tere al candidatului la studii \u00een cazul reprezentantului diasporei moldovene\u0219ti de peste hotare sau al unuia dintre p\u0103rin\u021bi\/bunei, pentru a demonstra \u021bara de origine (Republica Moldova)<\/li><li style=\"font-weight: 400;\">bonul de achitare a taxei de \u00eenscriere &#8211; 300 lei;<\/li><li>func\u021bionarii publici \u0219i persoanele angajate \u00een institu\u021bii publice vor prezenta un act ce vizeaz\u0103 activitatea public\u0103.<\/li><\/ol><p><b><i>Actele se depun pe adresa:<\/i> mun. Chi\u0219in\u0103u, str. Alexei Mateevici 60, blocul Central al Universit\u0103\u021bii de Stat din Moldova, bir. 412<\/b><\/p><p>\u015eefii de promo\u0163ie, laurea\u0163i ai Galei performan\u0163elor, vor beneficia de loc bugetar la programul de master din domeniul de formare profesional\u0103 respectiv.<\/p><p>\u00cenmatricularea la studii superioare de masterat, cu finan\u0163are bugetar\u0103, se face \u00een ordinea descresc\u0103toare a mediilor generale de concurs ale candida\u0163ilor, \u00een limitele num\u0103rului de locuri pentru care se organizeaz\u0103 concursul.\u00a0 Candidatul \u00ee\u015fi asum\u0103 responsabilitatea pentru corectitudinea datelor prezentate. \u00cen cazul introducerii unor date eronate ce vor influen\u0163a rezultatele concursului, candidatul va pierde locul ob\u021binut \u00een urma admiterii la studii.<\/p><p><i>Pentru informa\u021bii suplimentare accesa\u021bi<\/i><a href=\"http:\/\/admitere.usm.md\/\"><i>\u00a0<\/i><i>http:\/\/admitere.usm.md\/<\/i><i>,<\/i><\/a><a href=\"http:\/\/drept.usm.md\/\/\"><i> \u00a0<\/i><i>http:\/\/drept.usm.md\/<\/i><\/a><i><u>\u00a0<\/u><\/i><\/p><p><i>Persoana responsabil\u0103:<\/i><b> Coban Igor, <\/b><em>doctor \u00een drept, conferen\u021biar universitar<\/em><\/p><p><i>Telefon: <strong>+373 67 560 070<br \/><\/strong>E-mail:<strong> <a href=\"mailto:igor.coban@usm.md\">igor.coban@usm.md<\/a><\/strong><\/i><\/p>\t\t\t\t\t\t<\/div>\n\t\t\t\t<\/div>\n\t\t\t\t\t<\/div>\n\t\t<\/div>\n\t\t\t\t\t<\/div>\n\t\t<\/section>\n\t\t\t\t<\/div>\n\t\t","protected":false},"excerpt":{"rendered":"<p>Admiterea la studii de licen\u021b\u0103 Facultatea de Drept a USM Sesiunea de baz\u0103 se va desf\u0103\u015fura \u00een perioada 22 iulie &#8211; 09 august 2024 dup\u0103 cum urmeaz\u0103:\u00a0 Depunerea online a dosarului de concurs* 22 iulie \u2013 31 iulie Anun\u021barea rezultatelor intermediare 2 august Depunerea actelor \u00een original 3 august \u2013 6 august Anun\u021barea rezultatelor finale&hellip; <br \/> <a class=\"read-more\" href=\"https:\/\/drept.usm.md\/?page_id=15660\">Cite\u0219te mai mult<\/a><\/p>\n","protected":false},"author":1,"featured_media":0,"parent":0,"menu_order":0,"comment_status":"closed","ping_status":"closed","template":"","meta":{"wp_social_preview_title":"","wp_social_preview_description":"","wp_social_preview_image":0,"footnotes":""},"class_list":["post-15660","page","type-page","status-publish","hentry"],"rttpg_featured_image_url":null,"rttpg_author":{"display_name":"rosenberg","author_link":"https:\/\/drept.usm.md\/?author=1"},"rttpg_comment":0,"rttpg_category":null,"rttpg_excerpt":"Admiterea la studii de licen\u021b\u0103 Facultatea de Drept a USM Sesiunea de baz\u0103 se va desf\u0103\u015fura \u00een perioada 22 iulie &#8211; 09 august 2024 dup\u0103 cum urmeaz\u0103:\u00a0 Depunerea online a dosarului de concurs* 22 iulie \u2013 31 iulie Anun\u021barea rezultatelor intermediare 2 august Depunerea actelor \u00een original 3 august \u2013 6 august Anun\u021barea rezultatelor finale&hellip;&hellip;","_links":{"self":[{"href":"https:\/\/drept.usm.md\/index.php?rest_route=\/wp\/v2\/pages\/15660","targetHints":{"allow":["GET"]}}],"collection":[{"href":"https:\/\/drept.usm.md\/index.php?rest_route=\/wp\/v2\/pages"}],"about":[{"href":"https:\/\/drept.usm.md\/index.php?rest_route=\/wp\/v2\/types\/page"}],"author":[{"embeddable":true,"href":"https:\/\/drept.usm.md\/index.php?rest_route=\/wp\/v2\/users\/1"}],"replies":[{"embeddable":true,"href":"https:\/\/drept.usm.md\/index.php?rest_route=%2Fwp%2Fv2%2Fcomments&post=15660"}],"version-history":[{"count":61,"href":"https:\/\/drept.usm.md\/index.php?rest_route=\/wp\/v2\/pages\/15660\/revisions"}],"predecessor-version":[{"id":15746,"href":"https:\/\/drept.usm.md\/index.php?rest_route=\/wp\/v2\/pages\/15660\/revisions\/15746"}],"wp:attachment":[{"href":"https:\/\/drept.usm.md\/index.php?rest_route=%2Fwp%2Fv2%2Fmedia&parent=15660"}],"curies":[{"name":"wp","href":"https:\/\/api.w.org\/{rel}","templated":true}]}}