{"id":17897,"date":"2025-09-15T12:02:37","date_gmt":"2025-09-15T09:02:37","guid":{"rendered":"https:\/\/drept.usm.md\/?page_id=17897"},"modified":"2026-02-19T15:58:47","modified_gmt":"2026-02-19T12:58:47","slug":"invatamant-la-distanta","status":"publish","type":"page","link":"https:\/\/drept.usm.md\/?page_id=17897","title":{"rendered":"\u00eenv\u0103\u021b\u0103m\u00e2nt la distan\u021b\u0103"},"content":{"rendered":"\t\t<div data-elementor-type=\"wp-page\" data-elementor-id=\"17897\" class=\"elementor elementor-17897\">\n\t\t\t\t\t\t<section class=\"elementor-section elementor-top-section elementor-element elementor-element-85b60c2 elementor-section-boxed elementor-section-height-default elementor-section-height-default\" data-id=\"85b60c2\" data-element_type=\"section\">\n\t\t\t\t\t\t<div class=\"elementor-container elementor-column-gap-default\">\n\t\t\t\t\t<div class=\"elementor-column elementor-col-100 elementor-top-column elementor-element elementor-element-3a748c0\" data-id=\"3a748c0\" data-element_type=\"column\">\n\t\t\t<div class=\"elementor-widget-wrap elementor-element-populated\">\n\t\t\t\t\t\t<div class=\"elementor-element elementor-element-b210376 elementor-widget__width-initial elementor-widget elementor-widget-eael-adv-tabs\" data-id=\"b210376\" data-element_type=\"widget\" data-widget_type=\"eael-adv-tabs.default\">\n\t\t\t\t<div class=\"elementor-widget-container\">\n\t\t\t        <div data-scroll-on-click=\"no\" data-scroll-speed=\"300\" id=\"eael-advance-tabs-b210376\" class=\"eael-advance-tabs eael-tabs-horizontal eael-tab-auto-active \" data-tabid=\"b210376\">\n            <div class=\"eael-tabs-nav\">\n                <ul class=\"eael-tab-inline-icon\" role=\"tablist\">\n                                            <li id=\"anul-i\" class=\"inactive eael-tab-item-trigger\" aria-selected=\"true\" data-tab=\"1\" role=\"tab\" tabindex=\"0\" aria-controls=\"anul-i-tab\" aria-expanded=\"false\">\n                            \n                                                                <img decoding=\"async\" src=\"http:\/\/drept.usm.md\/wp-content\/uploads\/FD_USM_LOGO_ALBASTRU.png\" alt=\"\">\n                                                            \n                                                            <span class=\"eael-tab-title  title-after-icon\">Anul I<\/span>                            \n                                                    <\/li>\n                                            <li id=\"anul-ii\" class=\"inactive eael-tab-item-trigger\" aria-selected=\"false\" data-tab=\"2\" role=\"tab\" tabindex=\"-1\" aria-controls=\"anul-ii-tab\" aria-expanded=\"false\">\n                            \n                                                                <img decoding=\"async\" src=\"http:\/\/drept.usm.md\/wp-content\/uploads\/FD_USM_LOGO_ALBASTRU.png\" alt=\"\">\n                                                            \n                                                            <span class=\"eael-tab-title  title-after-icon\">Anul II<\/span>                            \n                                                    <\/li>\n                                            <li id=\"anul-iii\" class=\"inactive eael-tab-item-trigger\" aria-selected=\"false\" data-tab=\"3\" role=\"tab\" tabindex=\"-1\" aria-controls=\"anul-iii-tab\" aria-expanded=\"false\">\n                            \n                                                                <img decoding=\"async\" src=\"http:\/\/drept.usm.md\/wp-content\/uploads\/FD_USM_LOGO_ALBASTRU.png\" alt=\"\">\n                                                            \n                                                            <span class=\"eael-tab-title  title-after-icon\">Anul III<\/span>                            \n                                                    <\/li>\n                                            <li id=\"anul-iv\" class=\"inactive eael-tab-item-trigger\" aria-selected=\"false\" data-tab=\"4\" role=\"tab\" tabindex=\"-1\" aria-controls=\"anul-iv-tab\" aria-expanded=\"false\">\n                            \n                                                                <img decoding=\"async\" src=\"http:\/\/drept.usm.md\/wp-content\/uploads\/FD_USM_LOGO_ALBASTRU.png\" alt=\"\">\n                                                            \n                                                            <span class=\"eael-tab-title  title-after-icon\">Anul IV<\/span>                            \n                                                    <\/li>\n                                    <\/ul>\n            <\/div>\n            \n            <div class=\"eael-tabs-content\">\n\t\t        \n                    <div id=\"anul-i-tab\" class=\"clearfix eael-tab-content-item inactive\" data-title-link=\"anul-i-tab\">\n\t\t\t\t        \t\t\t\t\t        <ul><li><a href=\"https:\/\/drept.usm.md\/wp-content\/uploads\/Drept-Licenta_Distanta-Distanta_0421_Drept.pdf\">Drept-Licenta_Distanta-Distanta_0421_Drept<\/a><\/li><li><a href=\"https:\/\/drept.usm.md\/wp-content\/uploads\/Calendar-academic-Ciclul-I-invatamint-la-distanta.pdf\">Calendar academic Ciclul-I- \u00eenv\u0103\u021b\u0103m\u00eent la-distanta<\/a><\/li><li><a href=\"https:\/\/drept.usm.md\/wp-content\/uploads\/Ghid_Primii-pasi.pdf\">Ghid_Primii pasi<\/a><\/li><li><a href=\"https:\/\/drept.usm.md\/wp-content\/uploads\/Ghid-online-pentru-studentii-anului-I.pdf\">Ghid online pentru studentii anului I<\/a><\/li><li><a href=\"https:\/\/drept.usm.md\/wp-content\/uploads\/Instructiune-pentru-studenti_-ID_Senat_USM_2025.pdf\">Instruc\u021biune pentru studen\u021bi_ \u00ceD_Senat_USM_2025<\/a><\/li><li><a href=\"https:\/\/drept.usm.md\/wp-content\/uploads\/Orar-Ciclu-I-Invatamant-la-distanta.pdf\">Orar Ciclu I \u00cenv\u0103\u021b\u0103m\u00e2nt la distan\u021b\u0103<\/a><\/li><li><a href=\"https:\/\/drept.usm.md\/wp-content\/uploads\/Orarul-sesiunii-de-examinare-anul-I-semestrul-I-invatamint-la-distanta-19.01.26-08.02.26.pdf\">Orarul sesiunii de examinare, anul I, semestrul I, \u00eenv\u0103\u021b\u0103m\u00eent la distan\u021b\u0103 (19.01.26 &#8211; 08.02.26)<\/a><\/li><li><a href=\"https:\/\/drept.usm.md\/wp-content\/uploads\/Ordin-cu-privire-la-modificarea-sesiunii-ordinare.pdf\">Ordin cu privire la modificarea sesiunii ordinare<\/a><\/li><li><a href=\"https:\/\/drept.usm.md\/wp-content\/uploads\/Orarul-la-anul-I-semestrul-II-invatamint-la-distanta.pdf\">Orarul la anul I, semestrul II, \u00eenv\u0103\u021b\u0103m\u00eent la distan\u021b\u0103<\/a><\/li><li><a href=\"https:\/\/drept.usm.md\/wp-content\/uploads\/Orarul-sesiunii-de-recuperare-anul-I-semestrul-I-invatamint-la-distanta-27.01.20-05.03.26.pdf\">Orarul sesiunii de recuperare, anul I, semestrul I, \u00eenv\u0103\u021b\u0103m\u00eent la distan\u021b\u0103 (27.01.20 &#8211; 05.03.26)<\/a><\/li><\/ul>\t\t\t\t                            <\/div>\n\t\t        \n                    <div id=\"anul-ii-tab\" class=\"clearfix eael-tab-content-item inactive\" data-title-link=\"anul-ii-tab\">\n\t\t\t\t        \t\t\t\t\t        <p>Text sample 2 insert<\/p>\t\t\t\t                            <\/div>\n\t\t        \n                    <div id=\"anul-iii-tab\" class=\"clearfix eael-tab-content-item inactive\" data-title-link=\"anul-iii-tab\">\n\t\t\t\t        \t\t\t\t\t        <p>Text sample 3 insert<\/p>\t\t\t\t                            <\/div>\n\t\t        \n                    <div id=\"anul-iv-tab\" class=\"clearfix eael-tab-content-item inactive\" data-title-link=\"anul-iv-tab\">\n\t\t\t\t        \t\t\t\t\t        <p>Text sample 4 Insert<\/p>\t\t\t\t                            <\/div>\n\t\t                    <\/div>\n        <\/div>\n\t\t<\/div>\n\t\t\t\t<\/div>\n\t\t\t\t\t<\/div>\n\t\t<\/div>\n\t\t\t\t\t<\/div>\n\t\t<\/section>\n\t\t\t\t<\/div>\n\t\t","protected":false},"excerpt":{"rendered":"<p>Anul I Anul II Anul III Anul IV Drept-Licenta_Distanta-Distanta_0421_Drept Calendar academic Ciclul-I- \u00eenv\u0103\u021b\u0103m\u00eent la-distanta Ghid_Primii pasi Ghid online pentru studentii anului I Instruc\u021biune pentru studen\u021bi_ \u00ceD_Senat_USM_2025 Orar Ciclu I \u00cenv\u0103\u021b\u0103m\u00e2nt la distan\u021b\u0103 Orarul sesiunii de examinare, anul I, semestrul I, \u00eenv\u0103\u021b\u0103m\u00eent la distan\u021b\u0103 (19.01.26 &#8211; 08.02.26) Ordin cu privire la modificarea sesiunii ordinare Orarul la&hellip; <br \/> <a class=\"read-more\" href=\"https:\/\/drept.usm.md\/?page_id=17897\">Cite\u0219te mai mult<\/a><\/p>\n","protected":false},"author":1,"featured_media":0,"parent":0,"menu_order":0,"comment_status":"closed","ping_status":"closed","template":"","meta":{"wp_social_preview_title":"","wp_social_preview_description":"","wp_social_preview_image":0,"footnotes":""},"class_list":["post-17897","page","type-page","status-publish","hentry"],"rttpg_featured_image_url":null,"rttpg_author":{"display_name":"rosenberg","author_link":"https:\/\/drept.usm.md\/?author=1"},"rttpg_comment":0,"rttpg_category":null,"rttpg_excerpt":"Anul I Anul II Anul III Anul IV Drept-Licenta_Distanta-Distanta_0421_Drept Calendar academic Ciclul-I- \u00eenv\u0103\u021b\u0103m\u00eent la-distanta Ghid_Primii pasi Ghid online pentru studentii anului I Instruc\u021biune pentru studen\u021bi_ \u00ceD_Senat_USM_2025 Orar Ciclu I \u00cenv\u0103\u021b\u0103m\u00e2nt la distan\u021b\u0103 Orarul sesiunii de examinare, anul I, semestrul I, \u00eenv\u0103\u021b\u0103m\u00eent la distan\u021b\u0103 (19.01.26 &#8211; 08.02.26) Ordin cu privire la modificarea sesiunii ordinare Orarul la&hellip;&hellip;","_links":{"self":[{"href":"https:\/\/drept.usm.md\/index.php?rest_route=\/wp\/v2\/pages\/17897","targetHints":{"allow":["GET"]}}],"collection":[{"href":"https:\/\/drept.usm.md\/index.php?rest_route=\/wp\/v2\/pages"}],"about":[{"href":"https:\/\/drept.usm.md\/index.php?rest_route=\/wp\/v2\/types\/page"}],"author":[{"embeddable":true,"href":"https:\/\/drept.usm.md\/index.php?rest_route=\/wp\/v2\/users\/1"}],"replies":[{"embeddable":true,"href":"https:\/\/drept.usm.md\/index.php?rest_route=%2Fwp%2Fv2%2Fcomments&post=17897"}],"version-history":[{"count":52,"href":"https:\/\/drept.usm.md\/index.php?rest_route=\/wp\/v2\/pages\/17897\/revisions"}],"predecessor-version":[{"id":18937,"href":"https:\/\/drept.usm.md\/index.php?rest_route=\/wp\/v2\/pages\/17897\/revisions\/18937"}],"wp:attachment":[{"href":"https:\/\/drept.usm.md\/index.php?rest_route=%2Fwp%2Fv2%2Fmedia&parent=17897"}],"curies":[{"name":"wp","href":"https:\/\/api.w.org\/{rel}","templated":true}]}}