{"id":9048,"date":"2022-12-13T16:12:28","date_gmt":"2022-12-13T13:12:28","guid":{"rendered":"https:\/\/drept.usm.md\/?page_id=9048"},"modified":"2025-02-13T15:02:46","modified_gmt":"2025-02-13T12:02:46","slug":"membrii-consiliului-facultatii","status":"publish","type":"page","link":"https:\/\/drept.usm.md\/?page_id=9048","title":{"rendered":"Membrii Consiliului Facult\u0103\u021bii"},"content":{"rendered":"<p><strong>Membrii Consiliului Facult\u0103\u0163ii\u00a0<\/strong><\/p>\n<ol>\n<li><strong>B\u0102IE\u0218U Sergiu<\/strong> &#8211; Pre\u015fedintele Consiliului, Decan al Facult\u0103\u0163ii de Drept, profesor universitar, doctor \u00een drept.<\/li>\n<li><strong>MIHAILOV Tatiana<\/strong>, <span style=\"background-color: transparent;\">Vicepre\u015fedintele Consiliului, Prodecanul Facult\u0103\u021bii de Drept, doctor \u00een drept, conferen\u0163iar universitar.\u00a0<\/span><\/li>\n<li><strong>\u021aURCAN Liliana<\/strong>, <span style=\"background-color: transparent;\">Prodecanul Facult\u0103\u021bii de Drept, lector universitar, doctor \u00een drept. <\/span><\/li>\n<li>Doina Cuciurca \u2013 Prodecanul Facult\u0103\u021bii de Drept, master \u00een drept, lector universitar, Pre\u015fedintele comitetului sindical al corpului didactic<\/li>\n<li>Svetlana Slusarenco\u00a0\u2013\u00a0Directorul \u0218colii Doctorale \u0218tiin\u021be Juridice \u0219i Economice, doctor \u00een drept, conferen\u021biar universitar<\/li>\n<li>Ludmila Dumneanu\u00a0\u00a0\u2013\u00a0\u00a0Pre\u0219edintele Comisiei de Asigurare a Calit\u0103\u021bii, doctor \u00een drept, conferen\u021biar universitar<\/li>\n<li>Raluca-Rusanda Don\u021bu \u2013 Pre\u015fedintele comitetului sindical studen\u0163esc,\u00a0 masterand\u0103 Proceduri judiciare civile, anul I<\/li>\n<li>Silvia Goriuc \u2013 Secretara Consiliului, doctor \u00een drept, conferen\u021biar universitar<\/li>\n<\/ol>\n<p><strong><u>Departamentul Drept Privat<\/u><\/strong><\/p>\n<ol start=\"10\">\n<li>Aliona Chisari-Rurak \u2013 \u015eef al Departamentului, doctor \u00een drept, conferen\u021biar universitar<\/li>\n<li>Valentina\u00a0Cebotari \u2013 doctor \u00een drept, conferen\u021biar universitar<\/li>\n<li>Dorin Cimil\u00a0\u2013\u00a0doctor \u00een drept, conferen\u0163iar universitar<\/li>\n<li>Octavian Cazac \u2013 doctor \u00een drept, conferen\u021biar universitar<\/li>\n<li>Tatiana Tabuncic\u00a0\u2013\u00a0doctor \u00een drept, conferen\u0163iar universitar<\/li>\n<li>Felicia P\u0103sc\u0103lu\u021b\u0103 \u2013 doctor \u00een drept, conferen\u021biar universitar<\/li>\n<\/ol>\n<p><strong><u>Departamentul Drept Public<\/u><\/strong><\/p>\n<ol start=\"17\">\n<li>Rodica Ciobanu\u00a0\u2013\u00a0\u015eef al Departamentului, doctor habilitat \u00een drept, conferen\u021biar universitar<\/li>\n<li>Ion Guceac \u2013\u00a0academician, doctor habilitat \u00een drept, professor<\/li>\n<li>Rodica-Iordanca Iordanov \u2013 doctor \u00een drept, conferen\u021biar universitar<\/li>\n<li>Pavel \u021aurcanu \u2013\u00a0doctor \u00een drept, coferen\u021biar universitar<\/li>\n<li>Vlad Vlaicu \u2013\u00a0doctor \u00een drept, conferen\u021biar universitar<\/li>\n<li>Oleg Televca \u2013 doctor \u00een drept, conferen\u021biar universitar<\/li>\n<li>Viorel Rusu \u2013 doctor \u00een drept, lector universitar<\/li>\n<\/ol>\n<p><strong><u>Departamentul Drept Penal<\/u><\/strong><\/p>\n<ol start=\"25\">\n<li>Mariana Grama\u00a0\u2013\u00a0\u015eef\u00a0al Departamentului, doctor \u00een drept,\u00a0conferen\u021biar universitar<\/li>\n<li>Alina \u015eavga \u2013\u00a0doctor \u00een drept, conferen\u021biar universitar<\/li>\n<li>Daniel Martin \u2013 doctor \u00een drept, conferen\u021biar universitar<\/li>\n<li>Vladislav Manea \u2013 doctor \u00een drept, conferen\u021biar universitar<\/li>\n<li>Dorin Popescu \u2013\u00a0doctor \u00een drept, lector universitar<\/li>\n<\/ol>\n<p><strong><u>Departamentul Drept Procedural<\/u><\/strong><\/p>\n<ol start=\"30\">\n<li>Elena Belei\u00a0\u2013\u00a0\u015eef al Departamentului, doctor \u00een drept, conferen\u0163iar universitar<\/li>\n<li>Dumitru Roman \u2013\u00a0doctor \u00een drept, conferen\u021biar universitar<\/li>\n<li>Tatiana\u00a0V\u00eezdoaga \u2013\u00a0doctor \u00een drept, conferen\u021biar universitar<\/li>\n<li>Igor Coban \u2013\u00a0doctor \u00een drept, conferen\u021biar universitar<\/li>\n<li>Gheorghe Macovei \u2013\u00a0doctor \u00een drept, lector universitar<\/li>\n<\/ol>\n<p><strong><u>Departamentul Drept Interna\u0163ional \u015fi European<\/u><\/strong><\/p>\n<ol start=\"35\">\n<li>Lilia Gribincea\u00a0\u2013\u00a0\u015eef\u00a0\u00a0al Departamentului, doctor \u00een drept,\u00a0conferen\u021biar\u00a0universitar<\/li>\n<li>Nicolae Osmochescu \u2013\u00a0doctor \u00een drept, profesor universitar<\/li>\n<li>Valentin Ro\u0219ca \u2013 doctor \u00een drept, conferen\u021biar universitar<\/li>\n<\/ol>\n<p><strong><u>Reprezentan\u0163ii studen\u0163ilor \u0219i masteranzilor<\/u><\/strong><\/p>\n<ol start=\"38\">\n<li>Alexandru Casco &#8211; student la anul II<\/li>\n<li>Daniel Iovu &#8211; student la anul II<\/li>\n<li>Andrei Volontir &#8211; student la anul II<\/li>\n<li>Ion Caraman\u2013 student la anul III<\/li>\n<li>Maxim Carabe\u021b \u2013 student la anul III<\/li>\n<li>Vladislav Lutenco\u2013 student la anul IV<\/li>\n<li>Cristian Luca\u2013 student la anul IV<\/li>\n<li>Vasile Guzun \u2013 masterand la programul Drept penal, an I<\/li>\n<li>Dumitru Stoica \u2013 masterand la programul Drept penal, an I<\/li>\n<li>Nadejda Cuharenco &#8211; masterand\u0103 la programul Proces Penal \u0219i Criminalistic\u0103, an II<\/li>\n<li>\u00a0Evelina Desc\u0103lui \u2013\u00a0 masterand\u0103 la programul Drept civil, an II<\/li>\n<\/ol>\n","protected":false},"excerpt":{"rendered":"<p>Membrii Consiliului Facult\u0103\u0163ii\u00a0 B\u0102IE\u0218U Sergiu &#8211; Pre\u015fedintele Consiliului, Decan al Facult\u0103\u0163ii de Drept, profesor universitar, doctor \u00een drept. MIHAILOV Tatiana, Vicepre\u015fedintele Consiliului, Prodecanul Facult\u0103\u021bii de Drept, doctor \u00een drept, conferen\u0163iar universitar.\u00a0 \u021aURCAN Liliana, Prodecanul Facult\u0103\u021bii de Drept, lector universitar, doctor \u00een drept. Doina Cuciurca \u2013 Prodecanul Facult\u0103\u021bii de Drept, master \u00een drept, lector universitar, Pre\u015fedintele&hellip; <br \/> <a class=\"read-more\" href=\"https:\/\/drept.usm.md\/?page_id=9048\">Cite\u0219te mai mult<\/a><\/p>\n","protected":false},"author":1,"featured_media":0,"parent":0,"menu_order":0,"comment_status":"closed","ping_status":"closed","template":"elementor_theme","meta":{"wp_social_preview_title":"","wp_social_preview_description":"","wp_social_preview_image":0,"footnotes":""},"class_list":["post-9048","page","type-page","status-publish","hentry"],"rttpg_featured_image_url":null,"rttpg_author":{"display_name":"rosenberg","author_link":"https:\/\/drept.usm.md\/?author=1"},"rttpg_comment":0,"rttpg_category":null,"rttpg_excerpt":"Membrii Consiliului Facult\u0103\u0163ii\u00a0 B\u0102IE\u0218U Sergiu &#8211; Pre\u015fedintele Consiliului, Decan al Facult\u0103\u0163ii de Drept, profesor universitar, doctor \u00een drept. MIHAILOV Tatiana, Vicepre\u015fedintele Consiliului, Prodecanul Facult\u0103\u021bii de Drept, doctor \u00een drept, conferen\u0163iar universitar.\u00a0 \u021aURCAN Liliana, Prodecanul Facult\u0103\u021bii de Drept, lector universitar, doctor \u00een drept. Doina Cuciurca \u2013 Prodecanul Facult\u0103\u021bii de Drept, master \u00een drept, lector universitar, Pre\u015fedintele&hellip;&hellip;","_links":{"self":[{"href":"https:\/\/drept.usm.md\/index.php?rest_route=\/wp\/v2\/pages\/9048","targetHints":{"allow":["GET"]}}],"collection":[{"href":"https:\/\/drept.usm.md\/index.php?rest_route=\/wp\/v2\/pages"}],"about":[{"href":"https:\/\/drept.usm.md\/index.php?rest_route=\/wp\/v2\/types\/page"}],"author":[{"embeddable":true,"href":"https:\/\/drept.usm.md\/index.php?rest_route=\/wp\/v2\/users\/1"}],"replies":[{"embeddable":true,"href":"https:\/\/drept.usm.md\/index.php?rest_route=%2Fwp%2Fv2%2Fcomments&post=9048"}],"version-history":[{"count":10,"href":"https:\/\/drept.usm.md\/index.php?rest_route=\/wp\/v2\/pages\/9048\/revisions"}],"predecessor-version":[{"id":16651,"href":"https:\/\/drept.usm.md\/index.php?rest_route=\/wp\/v2\/pages\/9048\/revisions\/16651"}],"wp:attachment":[{"href":"https:\/\/drept.usm.md\/index.php?rest_route=%2Fwp%2Fv2%2Fmedia&parent=9048"}],"curies":[{"name":"wp","href":"https:\/\/api.w.org\/{rel}","templated":true}]}}