{"id":9065,"date":"2022-12-13T16:15:44","date_gmt":"2022-12-13T13:15:44","guid":{"rendered":"https:\/\/drept.usm.md\/?page_id=9065"},"modified":"2025-02-04T21:55:06","modified_gmt":"2025-02-04T18:55:06","slug":"componenta-comisiei","status":"publish","type":"page","link":"https:\/\/drept.usm.md\/?page_id=9065","title":{"rendered":"Componen\u021ba Comisiei"},"content":{"rendered":"<ol>\n<li><strong>Ludmila Dumneanu<\/strong>, doctor \u00een drept, conferen\u0163iar universitar, <em>pre\u015fedinte<\/em><\/li>\n<li><strong>Doina Cuciurca<\/strong>, master \u00een drept, lector universitar, <em>prodecan\u0103 Facultatea de Drept, secretar\u0103<\/em><\/li>\n<li><strong>B\u0102IE\u0218U Sergiu<\/strong> &#8211; profesor universitar, doctor \u00een drept, Decan al Facult\u0103\u0163ii de Drept,<\/li>\n<li><strong>MIHAILOV Tatiana<\/strong>,<span style=\"background-color: transparent;\"> doctor \u00een drept, conferen\u0163iar universitar, Prodecana Facult\u0103\u021bii de Drept, <\/span><\/li>\n<li><strong>\u021aURCAN Liliana<\/strong>, <span style=\"background-color: transparent;\">\u00a0lector universitar, doctor \u00een drept, Prodecana Facult\u0103\u021bii de Drept,<\/span><\/li>\n<li><strong>Sergiu B\u0103ie\u015fu<\/strong>, doctor \u00een drept, profesor universitar<\/li>\n<li><strong>Ciobanu Rodica<\/strong>, doctor habilitat, conferen\u0163iar universitar<\/li>\n<li><strong>Elena Belei<\/strong>, doctor \u00een drept, conferen\u0163iar universitar<\/li>\n<li><strong>Mariana Grama<\/strong>, doctor \u00een drept, conferen\u0163iar universitar<\/li>\n<li><strong>Lilia Gribincea<\/strong>, doctor \u00een drept, conferen\u0163iar universitar<\/li>\n<li><strong>Tatiana V\u00eezdoag\u0103<\/strong>, doctor \u00een drept, conferen\u0163iar universitar<\/li>\n<li><strong>Vlaicu Vlad<\/strong>, doctor \u00een drept, conferen\u0163iar universitar<\/li>\n<li><strong>Televca Oleg<\/strong>, doctor \u00een drept, conferen\u0163iar universitar<\/li>\n<li><strong>\u015eeremet Igor<\/strong>, doctor \u00een drept, conferen\u0163iar universitar<\/li>\n<li><strong>Valentina Cebotari<\/strong>, doctor \u00een drept, conferen\u0163iar universitar<\/li>\n<li><strong>Sergiu Caraman, <\/strong>Pre\u015fedinte al CSM<\/li>\n<li><strong>Popescu Mihaela, <\/strong>student\u0103 an.II Ciclul I<\/li>\n<li><strong>Raileanu Iulia<\/strong>, student\u0103 an.II Ciclul I<\/li>\n<\/ol>\n","protected":false},"excerpt":{"rendered":"<p>Ludmila Dumneanu, doctor \u00een drept, conferen\u0163iar universitar, pre\u015fedinte Doina Cuciurca, master \u00een drept, lector universitar, prodecan\u0103 Facultatea de Drept, secretar\u0103 B\u0102IE\u0218U Sergiu &#8211; profesor universitar, doctor \u00een drept, Decan al Facult\u0103\u0163ii de Drept, MIHAILOV Tatiana, doctor \u00een drept, conferen\u0163iar universitar, Prodecana Facult\u0103\u021bii de Drept, \u021aURCAN Liliana, \u00a0lector universitar, doctor \u00een drept, Prodecana Facult\u0103\u021bii de Drept,&hellip; <br \/> <a class=\"read-more\" href=\"https:\/\/drept.usm.md\/?page_id=9065\">Cite\u0219te mai mult<\/a><\/p>\n","protected":false},"author":1,"featured_media":0,"parent":0,"menu_order":0,"comment_status":"closed","ping_status":"closed","template":"","meta":{"wp_social_preview_title":"","wp_social_preview_description":"","wp_social_preview_image":0,"footnotes":""},"class_list":["post-9065","page","type-page","status-publish","hentry"],"rttpg_featured_image_url":null,"rttpg_author":{"display_name":"rosenberg","author_link":"https:\/\/drept.usm.md\/?author=1"},"rttpg_comment":0,"rttpg_category":null,"rttpg_excerpt":"Ludmila Dumneanu, doctor \u00een drept, conferen\u0163iar universitar, pre\u015fedinte Doina Cuciurca, master \u00een drept, lector universitar, prodecan\u0103 Facultatea de Drept, secretar\u0103 B\u0102IE\u0218U Sergiu &#8211; profesor universitar, doctor \u00een drept, Decan al Facult\u0103\u0163ii de Drept, MIHAILOV Tatiana, doctor \u00een drept, conferen\u0163iar universitar, Prodecana Facult\u0103\u021bii de Drept, \u021aURCAN Liliana, \u00a0lector universitar, doctor \u00een drept, Prodecana Facult\u0103\u021bii de Drept,&hellip;&hellip;","_links":{"self":[{"href":"https:\/\/drept.usm.md\/index.php?rest_route=\/wp\/v2\/pages\/9065","targetHints":{"allow":["GET"]}}],"collection":[{"href":"https:\/\/drept.usm.md\/index.php?rest_route=\/wp\/v2\/pages"}],"about":[{"href":"https:\/\/drept.usm.md\/index.php?rest_route=\/wp\/v2\/types\/page"}],"author":[{"embeddable":true,"href":"https:\/\/drept.usm.md\/index.php?rest_route=\/wp\/v2\/users\/1"}],"replies":[{"embeddable":true,"href":"https:\/\/drept.usm.md\/index.php?rest_route=%2Fwp%2Fv2%2Fcomments&post=9065"}],"version-history":[{"count":5,"href":"https:\/\/drept.usm.md\/index.php?rest_route=\/wp\/v2\/pages\/9065\/revisions"}],"predecessor-version":[{"id":16596,"href":"https:\/\/drept.usm.md\/index.php?rest_route=\/wp\/v2\/pages\/9065\/revisions\/16596"}],"wp:attachment":[{"href":"https:\/\/drept.usm.md\/index.php?rest_route=%2Fwp%2Fv2%2Fmedia&parent=9065"}],"curies":[{"name":"wp","href":"https:\/\/api.w.org\/{rel}","templated":true}]}}