{"id":9310,"date":"2022-12-13T16:53:53","date_gmt":"2022-12-13T13:53:53","guid":{"rendered":"https:\/\/drept.usm.md\/?page_id=9310"},"modified":"2023-02-06T18:48:13","modified_gmt":"2023-02-06T15:48:13","slug":"acte-2","status":"publish","type":"page","link":"https:\/\/drept.usm.md\/?page_id=9310","title":{"rendered":"Acte"},"content":{"rendered":"\t\t<div data-elementor-type=\"wp-page\" data-elementor-id=\"9310\" class=\"elementor elementor-9310\">\n\t\t\t\t\t\t<section class=\"elementor-section elementor-top-section elementor-element elementor-element-7f4ab1b elementor-section-boxed elementor-section-height-default elementor-section-height-default\" data-id=\"7f4ab1b\" data-element_type=\"section\">\n\t\t\t\t\t\t<div class=\"elementor-container elementor-column-gap-default\">\n\t\t\t\t\t<div class=\"elementor-column elementor-col-50 elementor-top-column elementor-element elementor-element-6d0b8c3\" data-id=\"6d0b8c3\" data-element_type=\"column\">\n\t\t\t<div class=\"elementor-widget-wrap elementor-element-populated\">\n\t\t\t\t\t\t<div class=\"elementor-element elementor-element-01250c1 elementor-widget elementor-widget-heading\" data-id=\"01250c1\" data-element_type=\"widget\" data-widget_type=\"heading.default\">\n\t\t\t\t<div class=\"elementor-widget-container\">\n\t\t\t<style>\/*! elementor - v3.21.0 - 26-05-2024 *\/\n.elementor-heading-title{padding:0;margin:0;line-height:1}.elementor-widget-heading .elementor-heading-title[class*=elementor-size-]>a{color:inherit;font-size:inherit;line-height:inherit}.elementor-widget-heading .elementor-heading-title.elementor-size-small{font-size:15px}.elementor-widget-heading .elementor-heading-title.elementor-size-medium{font-size:19px}.elementor-widget-heading .elementor-heading-title.elementor-size-large{font-size:29px}.elementor-widget-heading .elementor-heading-title.elementor-size-xl{font-size:39px}.elementor-widget-heading .elementor-heading-title.elementor-size-xxl{font-size:59px}<\/style><h2 class=\"elementor-heading-title elementor-size-default\">Dispozi\u021bii<\/h2>\t\t<\/div>\n\t\t\t\t<\/div>\n\t\t\t\t<div class=\"elementor-element elementor-element-ccb7e5a elementor-widget elementor-widget-htmega-tab-addons\" data-id=\"ccb7e5a\" data-element_type=\"widget\" data-widget_type=\"htmega-tab-addons.default\">\n\t\t\t\t<div class=\"elementor-widget-container\">\n\t\t\t            <div class=\"htmega-tab-area htmega-tab-style-1\">\n\n                <div class=\"htmega-tab-nav htb-nav htmega-tab-menu-style-1\" role=\"tablist\">\n                    <a class=\"htb-nav-link htb-active htb-show elementor-repeater-item-0b25f55\" href=\"#htmegatab-ccb7e5a1\" data-toggle=\"htbtab\" role=\"tab\"><\/a>                <\/div>\n\n                <div class=\"htmega-tab-content-area htb-tab-content\">\n                    <div class=\"htmega-single-tab htb-tab-pane htb-fade htb-active htb-show elementor-repeater-item-0b25f55\" id=\"htmegatab-ccb7e5a1\" role=\"tabpanel\"><div class=\"htmega-tab-content\"><ul><li><a href=\"http:\/\/drept.usm.md\/wp-content\/uploads\/Dispozitia-nr.-1-cu-privire-la-organizarea-sesiunii-de-recuperare-de-sustinere-a-restantelor-de-iarna-in-cadrul-Facultatii-de-Drept-a-USM.pdf\">Dispozi\u021bia nr. 1 cu privire la organizarea sesiunii de recuperare (de sus\u021binere a restan\u021belor) de iarn\u0103 \u00een cadrul Facult\u0103\u021bii de Drept a USM<\/a><\/li><li><a href=\"http:\/\/drept.usm.md\/wp-content\/uploads\/Dispozitia-nr.-2-din-19.02.2020-cu-privire-la-organizarea-campaniei-de-informare-cu-genericul-\u201eFii-student-la-Facultatea-de-Drept.pdf\">Dispozi\u021bia nr. 2 din 19.02.2020 cu privire la organizarea campaniei de informare cu genericul \u201eFii student, la Facultatea de Drept\u201d<\/a><\/li><li><a href=\"http:\/\/drept.usm.md\/wp-content\/uploads\/Dispozitia-nr.-3-din-04.03.2020-cu-privire-la-organizarea-si-desfasurarea-evaluarilor-curenteldova-la-sesiunea-de-evaluare-semestriala.pdf\">Dispozi\u021bia nr. 3 din 04.03.2020 cu privire la organizarea \u0219i desf\u0103\u0219urarea evalu\u0103rilor curenteldova la sesiunea de evaluare semestrial\u0103<\/a><\/li><li><a href=\"http:\/\/drept.usm.md\/wp-content\/uploads\/Dispozitia-nr.-4-cu-privire-la-asigurarea-de-la-distanta-a-procesului-didactic-si-a-celui-conex-la-Facultatea-de-Drept-a-USM....pdf\">Dispozi\u021bia nr. 4 cu privire la asigurarea de la distan\u021b\u0103 a procesului didactic \u0219i a celui conex la Facultatea de Drept a USM...<\/a><\/li><li><a href=\"http:\/\/drept.usm.md\/wp-content\/uploads\/Dispozitia-nr.-5-cu-privire-la-reluarea-procesului-educational-in-privinta-studentilor-din-anii-neterminali-de-studii-de-la-Ciclul-I-Licenta....pdf\">Dispozi\u021bia nr. 5 cu privire la reluarea procesului educa\u021bional \u00een privin\u021ba studen\u021bilor din anii neterminali de studii de la Ciclul I Licen\u021b\u0103...<\/a><\/li><li><a href=\"http:\/\/drept.usm.md\/wp-content\/uploads\/Dispozitia-nr.-6-din-29.04.2020-cu-privire-la-organizarea-practicii-de-initiere-in-specialitate-pentru-studentii-anului-I-II-III-\u2013-invatamant-cu-frecventa-la-zi.pdf\">Dispozi\u021bia nr. 6 din 29.04.2020 cu privire la organizarea practicii de ini\u021biere \u00een specialitate (pentru studen\u021bii anului I, II, III \u2013 \u00eenv\u0103\u021b\u0103m\u00e2nt cu frecven\u021b\u0103 la zi),<\/a><\/li><li><a href=\"http:\/\/drept.usm.md\/wp-content\/uploads\/DISPOZITIA-nr.-7-din-14-mai-2020-privind-organizarea-si-realizarea-evaluarii-finale-sustinerea-ezelor-de-licenta-master-a-examenului-de-licenta-la-Facultatea-de-Drept-a-USM.pdf\">DISPOZI\u021aIA nr. 7 din 14 mai 2020, privind organizarea \u0219i realizarea evalu\u0103rii finale (sus\u021binerea ezelor de licen\u021b\u0103 master, a examenului de licen\u021b\u0103) la Facultatea de Drept a USM<\/a><\/li><li><a href=\"http:\/\/drept.usm.md\/wp-content\/uploads\/DISPOZITIA-nr.8-din-01.06.2020-cu-privire-la-organizarea-sesiunii-de-recuperare-de-sustinere-a-restantelor-din-iarna-si-din-vara-in-cadrul-Facultatii-de-Drept-a-USM.pdf\">DISPOZI\u021aIA nr.8 din 01.06.2020 cu privire la organizarea sesiunii de recuperare (de sus\u021binere a restan\u021belor din iarn\u0103 \u0219i din var\u0103) \u00een cadrul Facult\u0103\u021bii de Drept a USM<\/a><\/li><li><a href=\"http:\/\/drept.usm.md\/wp-content\/uploads\/Dispozitia-nr.10-din-03.02.2021-cu-privire-la-organizarea-procesului-de-studii-si-asigurarea-disciplinei-muncii-in-cadrul-Facultatii-de-Drept-a-Universitatii-de-Stat-din-Moldova.pdf\">Dispozi\u021bia nr.10 din 03.02.2021 cu privire la organizarea procesului de studii \u0219i asigurarea disciplinei muncii \u00een cadrul Facult\u0103\u021bii de Drept a Universit\u0103\u021bii de Stat din Moldova<\/a><\/li><\/ul><\/div><\/div>                <\/div>\n            <\/div>\n            <script>\n                ;(function($){\n                    $(\".htb-nav a\").on(\"click\", function(){\n                        let activeId = $(this).attr(\"href\");\n                        $(this).siblings('.htb-active').removeClass('htb-active htb-show');\n                        $(this).addClass( 'htb-active htb-show' );\n\n                        let navWrapper = $(this).closest('.htmega-tab-nav');\n                        let contentWrapper = navWrapper.next();\n                        contentWrapper.find( ' > .htb-tab-pane' ).removeClass( 'htb-active htb-show' );\n                        contentWrapper.find( ' > .htb-tab-pane' + activeId ).addClass( 'htb-active htb-show' );\n                    });\n                    })(jQuery);\n                <\/script>\n        \t\t<\/div>\n\t\t\t\t<\/div>\n\t\t\t\t\t<\/div>\n\t\t<\/div>\n\t\t\t\t<div class=\"elementor-column elementor-col-50 elementor-top-column elementor-element elementor-element-4ecdd2b\" data-id=\"4ecdd2b\" data-element_type=\"column\">\n\t\t\t<div class=\"elementor-widget-wrap elementor-element-populated\">\n\t\t\t\t\t\t<div class=\"elementor-element elementor-element-c1c7a76 elementor-widget elementor-widget-heading\" data-id=\"c1c7a76\" data-element_type=\"widget\" data-widget_type=\"heading.default\">\n\t\t\t\t<div class=\"elementor-widget-container\">\n\t\t\t<h2 class=\"elementor-heading-title elementor-size-default\">Circulare<\/h2>\t\t<\/div>\n\t\t\t\t<\/div>\n\t\t\t\t<div class=\"elementor-element elementor-element-d7af161 elementor-widget elementor-widget-htmega-tab-addons\" data-id=\"d7af161\" data-element_type=\"widget\" data-widget_type=\"htmega-tab-addons.default\">\n\t\t\t\t<div class=\"elementor-widget-container\">\n\t\t\t            <div class=\"htmega-tab-area htmega-tab-style-1\">\n\n                <div class=\"htmega-tab-nav htb-nav htmega-tab-menu-style-1\" role=\"tablist\">\n                    <a class=\"htb-nav-link htb-active htb-show elementor-repeater-item-f5b5581\" href=\"#htmegatab-d7af1611\" data-toggle=\"htbtab\" role=\"tab\"><\/a>                <\/div>\n\n                <div class=\"htmega-tab-content-area htb-tab-content\">\n                    <div class=\"htmega-single-tab htb-tab-pane htb-fade htb-active htb-show elementor-repeater-item-f5b5581\" id=\"htmegatab-d7af1611\" role=\"tabpanel\"><div class=\"htmega-tab-content\"><ul><li><a href=\"http:\/\/drept.usm.md\/wp-content\/uploads\/Circulara-din-14.04.2020.pdf\">Circulara din 14.04.2020<\/a><\/li><\/ul><\/div><\/div>                <\/div>\n            <\/div>\n            <script>\n                ;(function($){\n                    $(\".htb-nav a\").on(\"click\", function(){\n                        let activeId = $(this).attr(\"href\");\n                        $(this).siblings('.htb-active').removeClass('htb-active htb-show');\n                        $(this).addClass( 'htb-active htb-show' );\n\n                        let navWrapper = $(this).closest('.htmega-tab-nav');\n                        let contentWrapper = navWrapper.next();\n                        contentWrapper.find( ' > .htb-tab-pane' ).removeClass( 'htb-active htb-show' );\n                        contentWrapper.find( ' > .htb-tab-pane' + activeId ).addClass( 'htb-active htb-show' );\n                    });\n                    })(jQuery);\n                <\/script>\n        \t\t<\/div>\n\t\t\t\t<\/div>\n\t\t\t\t\t<\/div>\n\t\t<\/div>\n\t\t\t\t\t<\/div>\n\t\t<\/section>\n\t\t\t\t<section class=\"elementor-section elementor-top-section elementor-element elementor-element-9e8d283 elementor-section-boxed elementor-section-height-default elementor-section-height-default\" data-id=\"9e8d283\" data-element_type=\"section\">\n\t\t\t\t\t\t<div class=\"elementor-container elementor-column-gap-default\">\n\t\t\t\t\t<div class=\"elementor-column elementor-col-100 elementor-top-column elementor-element elementor-element-1cc5097\" data-id=\"1cc5097\" data-element_type=\"column\">\n\t\t\t<div class=\"elementor-widget-wrap\">\n\t\t\t\t\t\t\t<\/div>\n\t\t<\/div>\n\t\t\t\t\t<\/div>\n\t\t<\/section>\n\t\t\t\t<\/div>\n\t\t","protected":false},"excerpt":{"rendered":"<p>Dispozi\u021bii Dispozi\u021bia nr. 1 cu privire la organizarea sesiunii de recuperare (de sus\u021binere a restan\u021belor) de iarn\u0103 \u00een cadrul Facult\u0103\u021bii de Drept a USM Dispozi\u021bia nr. 2 din 19.02.2020 cu privire la organizarea campaniei de informare cu genericul \u201eFii student, la Facultatea de Drept\u201d Dispozi\u021bia nr. 3 din 04.03.2020 cu privire la organizarea \u0219i desf\u0103\u0219urarea&hellip; <br \/> <a class=\"read-more\" href=\"https:\/\/drept.usm.md\/?page_id=9310\">Cite\u0219te mai mult<\/a><\/p>\n","protected":false},"author":1,"featured_media":0,"parent":0,"menu_order":0,"comment_status":"closed","ping_status":"closed","template":"","meta":{"wp_social_preview_title":"","wp_social_preview_description":"","wp_social_preview_image":0,"footnotes":""},"class_list":["post-9310","page","type-page","status-publish","hentry"],"rttpg_featured_image_url":null,"rttpg_author":{"display_name":"rosenberg","author_link":"https:\/\/drept.usm.md\/?author=1"},"rttpg_comment":0,"rttpg_category":null,"rttpg_excerpt":"Dispozi\u021bii Dispozi\u021bia nr. 1 cu privire la organizarea sesiunii de recuperare (de sus\u021binere a restan\u021belor) de iarn\u0103 \u00een cadrul Facult\u0103\u021bii de Drept a USM Dispozi\u021bia nr. 2 din 19.02.2020 cu privire la organizarea campaniei de informare cu genericul \u201eFii student, la Facultatea de Drept\u201d Dispozi\u021bia nr. 3 din 04.03.2020 cu privire la organizarea \u0219i desf\u0103\u0219urarea&hellip;&hellip;","_links":{"self":[{"href":"https:\/\/drept.usm.md\/index.php?rest_route=\/wp\/v2\/pages\/9310","targetHints":{"allow":["GET"]}}],"collection":[{"href":"https:\/\/drept.usm.md\/index.php?rest_route=\/wp\/v2\/pages"}],"about":[{"href":"https:\/\/drept.usm.md\/index.php?rest_route=\/wp\/v2\/types\/page"}],"author":[{"embeddable":true,"href":"https:\/\/drept.usm.md\/index.php?rest_route=\/wp\/v2\/users\/1"}],"replies":[{"embeddable":true,"href":"https:\/\/drept.usm.md\/index.php?rest_route=%2Fwp%2Fv2%2Fcomments&post=9310"}],"version-history":[{"count":7,"href":"https:\/\/drept.usm.md\/index.php?rest_route=\/wp\/v2\/pages\/9310\/revisions"}],"predecessor-version":[{"id":11501,"href":"https:\/\/drept.usm.md\/index.php?rest_route=\/wp\/v2\/pages\/9310\/revisions\/11501"}],"wp:attachment":[{"href":"https:\/\/drept.usm.md\/index.php?rest_route=%2Fwp%2Fv2%2Fmedia&parent=9310"}],"curies":[{"name":"wp","href":"https:\/\/api.w.org\/{rel}","templated":true}]}}