{"id":9641,"date":"2023-01-17T13:15:26","date_gmt":"2023-01-17T10:15:26","guid":{"rendered":"https:\/\/drept.usm.md\/?page_id=9641"},"modified":"2026-03-25T11:25:39","modified_gmt":"2026-03-25T08:25:39","slug":"colaborari-2","status":"publish","type":"page","link":"https:\/\/drept.usm.md\/?page_id=9641","title":{"rendered":"Colabor\u0103ri"},"content":{"rendered":"\t\t<div data-elementor-type=\"wp-page\" data-elementor-id=\"9641\" class=\"elementor elementor-9641\">\n\t\t\t\t\t\t<section class=\"elementor-section elementor-top-section elementor-element elementor-element-51f9347 elementor-section-boxed elementor-section-height-default elementor-section-height-default\" data-id=\"51f9347\" data-element_type=\"section\">\n\t\t\t\t\t\t<div class=\"elementor-container elementor-column-gap-default\">\n\t\t\t\t\t<div class=\"elementor-column elementor-col-100 elementor-top-column elementor-element elementor-element-90f71bc\" data-id=\"90f71bc\" data-element_type=\"column\">\n\t\t\t<div class=\"elementor-widget-wrap elementor-element-populated\">\n\t\t\t\t\t\t<div class=\"elementor-element elementor-element-6107c54 elementor-widget elementor-widget-eael-adv-tabs\" data-id=\"6107c54\" data-element_type=\"widget\" data-widget_type=\"eael-adv-tabs.default\">\n\t\t\t\t<div class=\"elementor-widget-container\">\n\t\t\t        <div data-scroll-on-click=\"no\" data-scroll-speed=\"300\" id=\"eael-advance-tabs-6107c54\" class=\"eael-advance-tabs eael-tabs-horizontal eael-tab-auto-active \" data-tabid=\"6107c54\">\n            <div class=\"eael-tabs-nav\">\n                <ul class=\"eael-tab-inline-icon\" role=\"tablist\">\n                                            <li id=\"-acorduri-de-colaborare-pe-plan-naional\" class=\"inactive eael-tab-item-trigger\" aria-selected=\"true\" data-tab=\"1\" role=\"tab\" tabindex=\"0\" aria-controls=\"-acorduri-de-colaborare-pe-plan-naional-tab\" aria-expanded=\"false\">\n                            \n                                                                <img decoding=\"async\" src=\"http:\/\/drept.usm.md\/wp-content\/uploads\/FD_USM_LOGO_ALB.png\" alt=\"\">\n                                                            \n                                                            <span class=\"eael-tab-title  title-after-icon\"> Acorduri de colaborare pe plan Na\u021bional<\/span>                            \n                                                    <\/li>\n                                            <li id=\"acorduri-de-colaborare-pe-plan-internaional\" class=\"inactive eael-tab-item-trigger\" aria-selected=\"false\" data-tab=\"2\" role=\"tab\" tabindex=\"-1\" aria-controls=\"acorduri-de-colaborare-pe-plan-internaional-tab\" aria-expanded=\"false\">\n                            \n                                                                <img decoding=\"async\" src=\"http:\/\/drept.usm.md\/wp-content\/uploads\/8a95cca92b5d492418fc5db93f5b775f-removebg-preview.png\" alt=\"\">\n                                                            \n                                                            <span class=\"eael-tab-title  title-after-icon\">Acorduri de colaborare pe plan Interna\u021bional<\/span>                            \n                                                    <\/li>\n                                    <\/ul>\n            <\/div>\n            \n            <div class=\"eael-tabs-content\">\n\t\t        \n                    <div id=\"-acorduri-de-colaborare-pe-plan-naional-tab\" class=\"clearfix eael-tab-content-item inactive\" data-title-link=\"-acorduri-de-colaborare-pe-plan-naional-tab\">\n\t\t\t\t        \t\t\t\t\t        <p><a href=\"http:\/\/drept.usm.md\/wp-content\/uploads\/Acord-de-colaborare-Oficiul-Avocatului-Poporului-1.pdf\">Acord de colaborare Oficiul Avocatului Poporului<\/a><\/p><p><a href=\"http:\/\/drept.usm.md\/wp-content\/uploads\/Acord-de-colborare-cu-Autoritatea-Nationala-de-Integritate-1.pdf\">Acord de colborare cu Autoritatea Na\u021bional\u0103 de Integritate<\/a><\/p><p><a href=\"http:\/\/drept.usm.md\/wp-content\/uploads\/Acord-Facultatea-de-Drept-si-Biblioteca-Publica-de-Drept-1-1.pdf\">Acord Facultatea de Drept si Biblioteca Publica de Drept<\/a><\/p><p><a href=\"https:\/\/drept.usm.md\/wp-content\/uploads\/Acord-de-colaborare-cu-ANP-2023.pdf\">Administra\u021bia Na\u021bional\u0103 a Penitenciarelor\u00a0<\/a><\/p><p><a href=\"http:\/\/drept.usm.md\/wp-content\/uploads\/Asociatia-Metodistilor-in-Elaborarea-Trainingurilor-Aplicate-1.pdf\">Asocia\u021bia Metodi\u0219tilor \u00een Elaborarea Trainingurilor Aplicate<\/a><\/p><p><a href=\"http:\/\/drept.usm.md\/wp-content\/uploads\/Centrul-de-Medicina-Legala-1.pdf\">Centrul de Medicin\u0103 Legal\u0103<\/a><\/p><p><a href=\"http:\/\/drept.usm.md\/wp-content\/uploads\/Centrul-National-Anticoruptie-1.pdf\">Centrul Na\u021bional Anticorup\u021bie<\/a><\/p><p><a href=\"http:\/\/drept.usm.md\/wp-content\/uploads\/Centrul-National-de-Expertize-Judiciare-1.pdf\">Centrul Na\u021bional de Expertize Judiciare<\/a><\/p><p><a href=\"http:\/\/drept.usm.md\/wp-content\/uploads\/Consiliul-Concurentei-al-Republicii-Moldova-1.pdf\">Consiliul Concuren\u021bei al Republicii Moldova<\/a><\/p><p><a href=\"http:\/\/drept.usm.md\/wp-content\/uploads\/Consiliul-Superior-al-Magistraturii.pdf\">Consiliul Superior al Magistraturii<\/a><\/p><p><a href=\"http:\/\/drept.usm.md\/wp-content\/uploads\/Curtea-Constitutionala-a-Republicii-Moldova.pdf\">Curtea Constitu\u021bional\u0103 a Republicii Moldova<\/a><\/p><p><a href=\"http:\/\/drept.usm.md\/wp-content\/uploads\/Curtea-de-Conturi-al-Republicii-Moldova.pdf\">Curtea de Conturi al Republicii Moldova<\/a><\/p><p><a href=\"http:\/\/drept.usm.md\/wp-content\/uploads\/Departamentul-Institutiilor-Penitenciare.pdf\">Departamentul Institu\u021biilor Penitenciare<\/a><\/p><p><a href=\"http:\/\/drept.usm.md\/wp-content\/uploads\/Judecatoria-Chisinau-mun.-Chisinau.pdf\">Judec\u0103toria Chi\u0219in\u0103u, mun. Chi\u0219in\u0103u<\/a><\/p><p><a href=\"http:\/\/drept.usm.md\/wp-content\/uploads\/Ministerul-Afacerilor-Externe-si-Integrarii-Europene.pdf\">Ministerul Afacerilor Externe \u0219i Integr\u0103rii Europene<\/a><\/p><p><a href=\"https:\/\/drept.usm.md\/wp-content\/uploads\/Acor-de-colaborare-MAI-2024.pdf\">Ministerul Afacerilor Interne al Republicii Moldova<\/a><\/p><p><a href=\"http:\/\/drept.usm.md\/wp-content\/uploads\/Ministerul-Justitiei-al-Republicii-Moldova.pdf\">Ministerul Justi\u021biei al Republicii Moldova<\/a><\/p><p><a href=\"http:\/\/drept.usm.md\/wp-content\/uploads\/Oficiul-central-de-Probatiune-al-Ministerului-Justitiei-RM.pdf\">Oficiul central de Proba\u021biune al Ministerului Justi\u021biei RM<\/a><\/p><p><a href=\"https:\/\/drept.usm.md\/wp-content\/uploads\/Procuratura-Generala-Acord-de-colaborare-2024.pdf\">Procuratura General\u0103 a Republicii Moldova<\/a><\/p><p><a href=\"https:\/\/drept.usm.md\/wp-content\/uploads\/Acord-de-colaborare-cu-Serviciul-Vamal-2023.pdf\">Serviciul Vamal al Republicii Moldova<\/a><\/p><p><a href=\"http:\/\/drept.usm.md\/wp-content\/uploads\/Uniunea-Avocatilor-din-Republica-Moldova.pdf\">Uniunea Avoca\u021bilor din Republica Moldova<\/a><\/p><p><a href=\"https:\/\/drept.usm.md\/wp-content\/uploads\/Acord-de-colaborare-cu-A.O.-Amnesty-International-Moldova.pdf\">Acord de colaborare cu A.O. Amnesty International Moldova<\/a><\/p><p><a href=\"https:\/\/drept.usm.md\/wp-content\/uploads\/Acord-de-colaborare-intre-CONSILIU-SUPERIOR-AL-MAGISTRATURII-SI-UNIVERSITATEA-DE-STAT-DIN-MOLDOVA.pdf\">Acord de colaborare \u00eentre CONSILIU SUPERIOR AL MAGISTRATURII \u0218I UNIVERSITATEA DE STAT DIN MOLDOVA<\/a><\/p><p><a href=\"https:\/\/drept.usm.md\/wp-content\/uploads\/Acord-de-colaborare-cu-Agentia-Servicii-Publice.pdf\">Acord de colaborare cu Agen\u021bia Servicii Publice<\/a><\/p><p><a href=\"https:\/\/drept.usm.md\/wp-content\/uploads\/Acord-de-colaborare-cu-Ministerul-Muncii-si-Protectiei-Sociale.pdf\">Acord de colaborare cu Ministerul Muncii \u0219i Protec\u021biei Sociale<\/a><\/p>\t\t\t\t                            <\/div>\n\t\t        \n                    <div id=\"acorduri-de-colaborare-pe-plan-internaional-tab\" class=\"clearfix eael-tab-content-item inactive\" data-title-link=\"acorduri-de-colaborare-pe-plan-internaional-tab\">\n\t\t\t\t        \t\t\t\t\t        <p><a href=\"http:\/\/drept.usm.md\/wp-content\/uploads\/Acord-cu-privire-la-Institutionalizarea-Scolii-de-Drept-Polonez-in-romana.pdf\">Acord cu privire la Institu\u021bionalizarea \u0218colii de Drept Polonez ( in romana)<\/a><\/p><p><a href=\"http:\/\/drept.usm.md\/wp-content\/uploads\/Acord-de-Colaborare-cu-Facultatea-de-Drept-Universitatea-din-Oradea-Romania.pdf\">Acord de Colaborare cu Facultatea de Drept, Universitatea din Oradea, Rom\u00e2nia<\/a><\/p><p><a href=\"http:\/\/drept.usm.md\/wp-content\/uploads\/Acord-de-colaborare-cu-Zaporozhye.pdf\">Acord de colaborare cu Zaporozhye<\/a><\/p><p><a href=\"http:\/\/drept.usm.md\/wp-content\/uploads\/Acord-de-Colaborare-cu-Organizatia-Internationala-de-Dezvoltare-a-Dreptului-IDLO.pdf\">Acord de Colaborare cu Organiza\u021bia Interna\u021bional\u0103 de Dezvoltare a Dreptului (IDLO)<\/a><\/p><p><a href=\"http:\/\/drept.usm.md\/wp-content\/uploads\/Acord-de-colaborare-cu-Universitatea-Petre-Andrei-din-Iasi-Romania.pdf\">Acord de colaborare cu Universitatea \u201dPetre Andrei\u201d din Ia\u0219i (Rom\u00e2nia)<\/a><\/p><p><a href=\"http:\/\/drept.usm.md\/wp-content\/uploads\/Acord-de-colaborare-cu-Universitatea-Alexandru-Ioan-Cuza.pdf\">Acord de colaborare cu Universitatea Alexandru Ioan Cuza<\/a><\/p><p><a href=\"http:\/\/drept.usm.md\/wp-content\/uploads\/Acord-de-colaborare-cu-Universitatea-Babes-Bolyai-din-Cluj-Napoca-Facultatea-de-Drept.pdf\">Acord de colaborare cu Universitatea Babe\u0219-Bolyai din Cluj-Napoca Facultatea de Drept<\/a><\/p><p><a href=\"http:\/\/drept.usm.md\/wp-content\/uploads\/Acord-de-colaborare-cu-Universitatea-din-Bucuresti-Facultatea-de-Drept-.pdf\">Acord de colaborare cu Universitatea din Bucure\u0219ti Facultatea de Drept<\/a><\/p><p><a href=\"http:\/\/drept.usm.md\/wp-content\/uploads\/Acord-de-colaborare-cu-Universitatea-Nationala-din-Kiev-T.-Shevcenko.pdf\">Acord de colaborare cu Universitatea Na\u021bional\u0103 din Kiev \u201dT. Shevcenko\u201d<\/a><\/p><p><a href=\"http:\/\/drept.usm.md\/wp-content\/uploads\/Acord-de-colaborare-cu-Vilnius-University-Faculty-of-Law.pdf\">Acord de colaborare cu Vilnius University Faculty of Law<\/a><\/p><p><a href=\"http:\/\/drept.usm.md\/wp-content\/uploads\/Acord-de-Cooperare-cu-Universitatea-din-Odesa-Ucraina.pdf\">Acord de Cooperare cu Universitatea din Odesa, Ucraina<\/a><\/p><p><a href=\"http:\/\/drept.usm.md\/wp-content\/uploads\/Acord-de-Parteneriat-cu-Universitrtea-\u201eOvidius-din-Constanta-Romania.pdf\">Acord de Parteneriat cu Universitrtea \u201eOvidius\u201d din Constan\u021ba, Rom\u00e2nia<\/a><\/p><p><a href=\"http:\/\/drept.usm.md\/wp-content\/uploads\/Institutul-Leavitt-de-Dezvoltare-Internationala-SUA.pdf\">Institutul Leavitt de Dezvoltare Interna\u021bional\u0103 (SUA)<\/a><\/p><p><a href=\"http:\/\/drept.usm.md\/wp-content\/uploads\/La-fondation-Rene-Cassin-Institut-International-des-Droits-de-LHomme.pdf\">La fondation Rene Cassin &#8211; Institut International des Droits de L\u201dHomme<\/a><\/p><p><a href=\"https:\/\/drept.usm.md\/wp-content\/uploads\/Acord-de-colaborare-cu-Facultatea-de-Drept-Universitatea-Aristotle-din-Thessaloniki.pdf\">Acord de colaborare cu Facultatea de Drept, Universitatea Aristotle din Thessaloniki<\/a><\/p><p><a href=\"https:\/\/drept.usm.md\/wp-content\/uploads\/Acord-de-colaborare-cu-Universitatea-Nis-din-Republica-Serbia.pdf\">Acord de colaborare cu Universitatea Nis din Republica Serbia<\/a><\/p><p><a href=\"https:\/\/drept.usm.md\/wp-content\/uploads\/Acord-de-colaborare-cu-Facultatea-de-Drept-a-Universitatii-Nationale-a-Marii-Negre-Petro-Mohyla-din-Nicolaev-Ucraina.pdf\">Acord de colaborare cu Facultatea de Drept a Universit\u0103\u021bii Na\u021bionale a M\u0103rii Negre Petro Mohyla din Nicolaev, Ucraina<\/a><\/p>\t\t\t\t                            <\/div>\n\t\t                    <\/div>\n        <\/div>\n\t\t<\/div>\n\t\t\t\t<\/div>\n\t\t\t\t\t<\/div>\n\t\t<\/div>\n\t\t\t\t\t<\/div>\n\t\t<\/section>\n\t\t\t\t<\/div>\n\t\t","protected":false},"excerpt":{"rendered":"<p>Acorduri de colaborare pe plan Na\u021bional Acorduri de colaborare pe plan Interna\u021bional Acord de colaborare Oficiul Avocatului Poporului Acord de colborare cu Autoritatea Na\u021bional\u0103 de Integritate Acord Facultatea de Drept si Biblioteca Publica de Drept Administra\u021bia Na\u021bional\u0103 a Penitenciarelor\u00a0 Asocia\u021bia Metodi\u0219tilor \u00een Elaborarea Trainingurilor Aplicate Centrul de Medicin\u0103 Legal\u0103 Centrul Na\u021bional Anticorup\u021bie Centrul Na\u021bional de&hellip; <br \/> <a class=\"read-more\" href=\"https:\/\/drept.usm.md\/?page_id=9641\">Cite\u0219te mai mult<\/a><\/p>\n","protected":false},"author":1,"featured_media":0,"parent":0,"menu_order":0,"comment_status":"closed","ping_status":"closed","template":"","meta":{"wp_social_preview_title":"","wp_social_preview_description":"","wp_social_preview_image":0,"footnotes":""},"class_list":["post-9641","page","type-page","status-publish","hentry"],"rttpg_featured_image_url":null,"rttpg_author":{"display_name":"rosenberg","author_link":"https:\/\/drept.usm.md\/?author=1"},"rttpg_comment":0,"rttpg_category":null,"rttpg_excerpt":"Acorduri de colaborare pe plan Na\u021bional Acorduri de colaborare pe plan Interna\u021bional Acord de colaborare Oficiul Avocatului Poporului Acord de colborare cu Autoritatea Na\u021bional\u0103 de Integritate Acord Facultatea de Drept si Biblioteca Publica de Drept Administra\u021bia Na\u021bional\u0103 a Penitenciarelor\u00a0 Asocia\u021bia Metodi\u0219tilor \u00een Elaborarea Trainingurilor Aplicate Centrul de Medicin\u0103 Legal\u0103 Centrul Na\u021bional Anticorup\u021bie Centrul Na\u021bional de&hellip;&hellip;","_links":{"self":[{"href":"https:\/\/drept.usm.md\/index.php?rest_route=\/wp\/v2\/pages\/9641","targetHints":{"allow":["GET"]}}],"collection":[{"href":"https:\/\/drept.usm.md\/index.php?rest_route=\/wp\/v2\/pages"}],"about":[{"href":"https:\/\/drept.usm.md\/index.php?rest_route=\/wp\/v2\/types\/page"}],"author":[{"embeddable":true,"href":"https:\/\/drept.usm.md\/index.php?rest_route=\/wp\/v2\/users\/1"}],"replies":[{"embeddable":true,"href":"https:\/\/drept.usm.md\/index.php?rest_route=%2Fwp%2Fv2%2Fcomments&post=9641"}],"version-history":[{"count":38,"href":"https:\/\/drept.usm.md\/index.php?rest_route=\/wp\/v2\/pages\/9641\/revisions"}],"predecessor-version":[{"id":19138,"href":"https:\/\/drept.usm.md\/index.php?rest_route=\/wp\/v2\/pages\/9641\/revisions\/19138"}],"wp:attachment":[{"href":"https:\/\/drept.usm.md\/index.php?rest_route=%2Fwp%2Fv2%2Fmedia&parent=9641"}],"curies":[{"name":"wp","href":"https:\/\/api.w.org\/{rel}","templated":true}]}}